{"id":867,"date":"2018-07-20T13:09:46","date_gmt":"2018-07-20T11:09:46","guid":{"rendered":"http:\/\/ihgd.pl\/?page_id=867"},"modified":"2026-04-01T13:53:51","modified_gmt":"2026-04-01T11:53:51","slug":"lista-stalych-arbitrow-ssp-w-gdansku","status":"publish","type":"page","link":"https:\/\/ihgd.pl\/?page_id=867","title":{"rendered":"Lista sta\u0142ych arbitr\u00f3w SSP w Gda\u0144sku"},"content":{"rendered":"<h4 style=\"text-align: center;\"><strong><span style=\"color: #ff0000;\">LISTA STA\u0141YCH ARBITR\u00d3W<\/span><br \/>\nSta\u0142ego S\u0105du Polubownego w Gda\u0144sku<br \/>\ndzia\u0142aj\u0105cego przy Pomorskim Wojew\u00f3dzkim Inspektorze Inspekcji Handlowej<br \/>\n<\/strong>(wg. stanu na dzie\u0144 01.04.2026 r.)<strong><br \/>\n<\/strong><\/h4>\n<p>&nbsp;<\/p>\n<table>\n<tbody>\n<tr>\n<td><strong>IMI\u0118 <\/strong><strong>I NAZWISKO ARBITRA<\/strong><\/td>\n<td><strong>PODMIOT <\/strong><strong>WYZNACZAJ\u0104CY<\/strong><\/td>\n<td><strong>SPOS\u00d3B <\/strong><strong>WYZNACZENIA<\/strong><\/td>\n<td><strong>MO\u017bLIWO\u015a\u0106 POWO\u0141ANIA STA\u0141EGO ARBITRA DO SK\u0141ADU ORZEKAJ\u0104CEGO<\/strong><\/td>\n<\/tr>\n<tr>\n<td>Rafa\u0142 G\u0142owacki<\/td>\n<td>Pomorski Wojew\u00f3dzki Inspektor Inspekcji Handlowej<\/td>\n<td>wpis przez Pomorskiego Wojew\u00f3dzkiego Inspektora Inspekcji Handlowej<\/td>\n<td>&nbsp;<\/td>\n<\/tr>\n<tr>\n<td>Waldemar Ko\u0142odziejczyk<\/td>\n<td>Pomorski Wojew\u00f3dzki Inspektor Inspekcji Handlowej<\/td>\n<td>wpis przez Pomorskiego Wojew\u00f3dzkiego Inspektora Inspekcji Handlowej<\/td>\n<td>&nbsp;<\/td>\n<\/tr>\n<tr>\n<td>Piotr Pakowski<\/td>\n<td>Pomorski Wojew\u00f3dzki Inspektor Inspekcji Handlowej<\/td>\n<td>wpis przez Pomorskiego Wojew\u00f3dzkiego Inspektora Inspekcji Handlowej<\/td>\n<td>&nbsp;<\/td>\n<\/tr>\n<tr>\n<td>Monika Pawlik<\/td>\n<td>Pomorski Wojew\u00f3dzki Inspektor Inspekcji Handlowej<\/td>\n<td>wpis przez Pomorskiego Wojew\u00f3dzkiego Inspektora Inspekcji Handlowej<\/td>\n<td>&nbsp;<\/p>\n<p>&nbsp;<\/td>\n<\/tr>\n<tr>\n<td>Anna Gut<\/td>\n<td>Stowarzyszenie Federacja Konsument\u00f3w<\/td>\n<td>na wniosek &nbsp;Stowarzyszenia Federacja Konsument\u00f3w<\/td>\n<td>mo\u017cliwo\u015b\u0107 powo\u0142ania arbitra przez konsumenta<\/td>\n<\/tr>\n<tr>\n<td>Agnieszka Pronobis-Pro\u0144ska<\/td>\n<td>Stowarzyszenie Federacja Konsument\u00f3w<\/td>\n<td>na wniosek&nbsp; Stowarzyszenia Federacja Konsument\u00f3w<\/td>\n<td>mo\u017cliwo\u015b\u0107 powo\u0142ania arbitra przez konsumenta<\/td>\n<\/tr>\n<tr>\n<td>Janusz Karbowski<\/td>\n<td>Stowarzyszenie Federacja Konsument\u00f3w<\/td>\n<td>na wniosek&nbsp; Stowarzyszenia Federacja Konsument\u00f3w<\/td>\n<td>mo\u017cliwo\u015b\u0107 powo\u0142ania arbitra przez konsumenta<\/td>\n<\/tr>\n<tr>\n<td>Jolanta Baku\u0142a<\/td>\n<td>Wojew\u00f3dzkie Zrzeszenie Handlu i Us\u0142ug w Gda\u0144sku<\/td>\n<td>wpis na wniosek Wojew\u00f3dzkiego Zrzeszenia Handlu i Us\u0142ug w Gda\u0144sku<\/td>\n<td>mo\u017cliwo\u015b\u0107 powo\u0142ania arbitra przez przedsi\u0119biorc\u0119<\/td>\n<\/tr>\n<tr>\n<td>Kamila Przybyszewska<\/td>\n<td>Wojew\u00f3dzkie Zrzeszenie Handlu i Us\u0142ug w Gda\u0144sku<\/td>\n<td>wpis na wniosek Wojew\u00f3dzkiego Zrzeszenia Handlu i Us\u0142ug w Gda\u0144sku<\/td>\n<td>mo\u017cliwo\u015b\u0107 powo\u0142ania arbitra przez przedsi\u0119biorc\u0119<\/td>\n<\/tr>\n<tr>\n<td>Adrianna Walczak<\/td>\n<td>Wojew\u00f3dzkie Zrzeszenie Handlu i Us\u0142ug w Gda\u0144sku<\/td>\n<td>wpis na wniosek Wojew\u00f3dzkiego Zrzeszenia Handlu i Us\u0142ug w Gda\u0144sku<\/td>\n<td>mo\u017cliwo\u015b\u0107 powo\u0142ania arbitra przez przedsi\u0119biorc\u0119<\/td>\n<\/tr>\n<\/tbody>\n<\/table>\n","protected":false},"excerpt":{"rendered":"<div class=\"mh-excerpt\"><p>LISTA STA\u0141YCH ARBITR\u00d3W Sta\u0142ego S\u0105du Polubownego w Gda\u0144sku dzia\u0142aj\u0105cego przy Pomorskim Wojew\u00f3dzkim Inspektorze Inspekcji Handlowej (wg. stanu na dzie\u0144 01.04.2026 r.) &nbsp; IMI\u0118 I NAZWISKO ARBITRA PODMIOT WYZNACZAJ\u0104CY SPOS\u00d3B WYZNACZENIA <a class=\"mh-excerpt-more\" href=\"https:\/\/ihgd.pl\/?page_id=867\" title=\"Lista sta\u0142ych arbitr\u00f3w SSP w Gda\u0144sku\">(((&#8230;wi\u0119cej)))<\/a><\/p>\n<\/div>","protected":false},"author":1,"featured_media":0,"parent":32,"menu_order":0,"comment_status":"closed","ping_status":"closed","template":"","meta":{"ngg_post_thumbnail":0,"footnotes":""},"class_list":["post-867","page","type-page","status-publish","hentry"],"_links":{"self":[{"href":"https:\/\/ihgd.pl\/index.php?rest_route=\/wp\/v2\/pages\/867","targetHints":{"allow":["GET"]}}],"collection":[{"href":"https:\/\/ihgd.pl\/index.php?rest_route=\/wp\/v2\/pages"}],"about":[{"href":"https:\/\/ihgd.pl\/index.php?rest_route=\/wp\/v2\/types\/page"}],"author":[{"embeddable":true,"href":"https:\/\/ihgd.pl\/index.php?rest_route=\/wp\/v2\/users\/1"}],"replies":[{"embeddable":true,"href":"https:\/\/ihgd.pl\/index.php?rest_route=%2Fwp%2Fv2%2Fcomments&post=867"}],"version-history":[{"count":27,"href":"https:\/\/ihgd.pl\/index.php?rest_route=\/wp\/v2\/pages\/867\/revisions"}],"predecessor-version":[{"id":6230,"href":"https:\/\/ihgd.pl\/index.php?rest_route=\/wp\/v2\/pages\/867\/revisions\/6230"}],"up":[{"embeddable":true,"href":"https:\/\/ihgd.pl\/index.php?rest_route=\/wp\/v2\/pages\/32"}],"wp:attachment":[{"href":"https:\/\/ihgd.pl\/index.php?rest_route=%2Fwp%2Fv2%2Fmedia&parent=867"}],"curies":[{"name":"wp","href":"https:\/\/api.w.org\/{rel}","templated":true}]}}