{"id":5910,"date":"2025-10-13T13:13:02","date_gmt":"2025-10-13T11:13:02","guid":{"rendered":"https:\/\/ihgd.pl\/?page_id=5910"},"modified":"2025-10-13T13:13:02","modified_gmt":"2025-10-13T11:13:02","slug":"polityka-prywatnosci-serwisu-internetowego-wojewodzkiego-inspektoratu-inspekcji-handlowej-w-gdansku","status":"publish","type":"page","link":"https:\/\/ihgd.pl\/?page_id=5910","title":{"rendered":"Polityka prywatno\u015bci serwisu internetowego Wojew\u00f3dzkiego Inspektoratu Inspekcji Handlowej w Gda\u0144sku."},"content":{"rendered":"<p style=\"text-align: justify;\"><strong><span style=\"color: #008000;\">Administrator<\/span><\/strong><br \/>\nAdministratorem danych osobowych pozyskiwanych oraz przetwarzanych za po\u015brednictwem Serwisu jest <strong>Pomorski Wojew\u00f3dzki Inspektor Inspekcji Handlowej<\/strong>, ul. M. Konopnickiej 4, 80-240 Gda\u0144sk.<\/p>\n<p style=\"text-align: justify;\"><span style=\"color: #008000;\"><strong>Cel, podstawa oraz okres przetwarzania danych<\/strong><\/span><br \/>\nDane osobowe w zale\u017cno\u015bci od konkretnej sytuacji mog\u0105 by\u0107 przetwarzane przez nas w r\u00f3\u017cnych, uzasadnionych celach i przez r\u00f3\u017cne okresy czasu. Poni\u017cej przedstawiamy informacje o celach, podstawach prawnych i okresach przetwarzania danych osobowych:<\/p>\n<table width=\"100%\">\n<tbody>\n<tr>\n<td>\n<p style=\"text-align: center;\"><strong>Lp.<\/strong><\/p>\n<\/td>\n<td>\n<p style=\"text-align: center;\"><strong>Cel przetwarzania<\/strong><\/p>\n<\/td>\n<td>\n<p style=\"text-align: center;\"><strong>Podstawa prawna przetwarzania<\/strong><\/p>\n<\/td>\n<td>\n<p style=\"text-align: center;\"><strong>Okres przetwarzania<\/strong><\/p>\n<\/td>\n<\/tr>\n<tr>\n<td><strong>1.<\/strong><\/td>\n<td>Funkcjonowanie niezb\u0119dnych plik\u00f3w <em>cookies<\/em><\/td>\n<td>Art. 6 ust. 1 lit. f RODO (prawnie uzasadniony interes) w zwi\u0105zku z art. 399 ust. 3 Prawa komunikacji elektronicznej<\/td>\n<td>Do czasu realizacji prawnie uzasadnionego interesu<\/td>\n<\/tr>\n<tr>\n<td><strong>2.<\/strong><\/td>\n<td>Funkcjonowanie opcjonalnych<br \/>\nplik\u00f3w <em>cookies<\/em><\/td>\n<td>Art. 6 ust. 1 lit. a RODO w zw. z art. 399 ust. 1 i 2 Prawa komunikacji elektronicznej<\/td>\n<td>Do czasu zrealizowania celu lub cofni\u0119cia zgody<\/td>\n<\/tr>\n<\/tbody>\n<\/table>\n<p style=\"text-align: justify;\"><strong><br \/>\n<span style=\"color: #008000;\">Dobrowolno\u015b\u0107 podania danych osobowych<\/span><\/strong><br \/>\nPodanie danych jest zawsze dobrowolne. W zale\u017cno\u015bci od charakteru danego przypadku brak podania danych mo\u017ce uniemo\u017cliwi\u0107 lub utrudni\u0107 korzystanie z Serwisu \u2013 dotyczy plik\u00f3w cookies.<\/p>\n<p style=\"text-align: justify;\"><strong><br \/>\n<span style=\"color: #008000;\">Przys\u0142uguj\u0105ce prawa zwi\u0105zane z przetwarzaniem danych<\/span><\/strong><br \/>\nKa\u017cdemu U\u017cytkownikowi serwisu internetowego Wojew\u00f3dzkiego Inspektoratu Inspekcji Handlowej w Gda\u0144sku przys\u0142uguje prawo do:<\/p>\n<ol style=\"text-align: justify;\">\n<li>Dost\u0119pu do swoich danych osobowych, w tym prawo do uzyskania z nich kopii,<\/li>\n<li>\u017b\u0105dania sprostowania lub uzupe\u0142nienia danych osobowych &#8211; w przypadku gdy dane s\u0105 nieprawid\u0142owe lub niekompletne,<\/li>\n<li>Wniesienia sprzeciwu wobec przetwarzania danych osobowych,<\/li>\n<li>\u017b\u0105dania usuni\u0119cia danych osobowych,<\/li>\n<li>\u017b\u0105dania przeniesienia oraz ograniczenia przetwarzania danych osobowych,<\/li>\n<li>Cofni\u0119cia zgody na przetwarzanie danych osobowych w ka\u017cdym momencie, bez wp\u0142ywu na zgodno\u015b\u0107 z prawem przetwarzania, kt\u00f3rego dokonano na podstawie zgody przed jej cofni\u0119ciem, chyba \u017ce wyst\u0119puje inna podstawa prawna ich przetwarzania \u2013 dotyczy przypadk\u00f3w, gdy podstaw\u0105 przetwarzania danych jest wyra\u017cona zgoda.<\/li>\n<\/ol>\n<p style=\"text-align: justify;\"><span style=\"color: #008000;\"><strong>Kontakt<\/strong><\/span><br \/>\nJe\u017celi masz pytania lub chcesz skorzysta\u0107 z przys\u0142uguj\u0105cych Ci praw mo\u017cesz skontaktowa\u0107 si\u0119<br \/>\nz nami za po\u015brednictwem emaila z naszym Inspektorem Ochrony Danych Osobowych: <a href=\"mailto:iod@ihgd.pl\">iod@ihgd.pl<\/a>, listownie na adres: Wojew\u00f3dzki Inspektorat Inspekcji Handlowej w Gda\u0144sku, ul. M. Konopnickiej 4, 80-240 Gda\u0144sk lub telefonicznie pod nr telefonu: (58) 341-08-77.<\/p>\n<p style=\"text-align: justify;\"><span style=\"color: #008000;\"><strong>Prawo wniesienia skargi<\/strong><\/span><br \/>\nW przypadku powzi\u0119cia informacji o niezgodnym z prawem przetwarzaniu danych osobowych U\u017cytkownikom przys\u0142uguje prawo wniesienia skargi do Prezesa Urz\u0119du Ochrony Danych Osobowych z siedzib\u0105 w Warszawie, ul. Stawki 2.<\/p>\n<p style=\"text-align: justify;\"><span style=\"color: #008000;\"><strong>Zaufani partnerzy<\/strong><\/span><br \/>\nNa potrzeby realizacji uzasadnionych cel\u00f3w wskazanych w tabeli zamieszczonej w sekcji \u201eCel, podstawa oraz okres przetwarzania danych\u201d dane osobowe mog\u0105 by\u0107 udost\u0119pniane wsp\u00f3\u0142pracuj\u0105cymi z nami podmiotom: dostawcy us\u0142ug poczty elektronicznej, tj. firmy Home.pl, ul. Zbo\u017cowa 4, 70-653 Szczecin.<\/p>\n<p style=\"text-align: justify;\"><strong><span style=\"color: #008000;\">Przekazywanie danych poza Europejski Obszar Gospodarczy<\/span><br \/>\n<\/strong>Nie przekazujemy danych osobowych u\u017cytkownik\u00f3w serwisu internetowego poza Europejski Obszar Gospodarczy, ani te\u017c do \u017cadnych organizacji mi\u0119dzynarodowych.<\/p>\n<p style=\"text-align: justify;\"><span style=\"color: #008000;\"><strong>Profilowanie<\/strong><\/span><br \/>\nNie przetwarzamy danych osobowych w celu zautomatyzowanego podejmowania decyzji, w tym tzw.&nbsp; profilowania.<\/p>\n<p style=\"text-align: justify;\"><span style=\"color: #008000;\"><strong>Pliki cookies i inne wtyczki<\/strong><\/span><\/p>\n<ol style=\"text-align: justify;\">\n<li>Serwis internetowy Wojew\u00f3dzkiego Inspektoratu Inspekcji Handlowej w Gda\u0144sku nie zbiera w spos\u00f3b automatyczny \u017cadnych informacji, z wyj\u0105tkiem informacji zawartych w plikach cookies.<\/li>\n<li>Pliki cookies (tzw. \u201eciasteczka\u201d) stanowi\u0105 dane informatyczne, w szczeg\u00f3lno\u015bci pliki tekstowe, kt\u00f3re przechowywane s\u0105 w urz\u0105dzeniu ko\u0144cowym U\u017cytkownika Serwisu i przeznaczone s\u0105 do korzystania ze stron internetowych Serwisu. Cookies zazwyczaj zawieraj\u0105 nazw\u0119 strony internetowej, z kt\u00f3rej pochodz\u0105, czas przechowywania ich na urz\u0105dzeniu ko\u0144cowym oraz unikalny numer.<\/li>\n<li>Podmiotem zamieszczaj\u0105cym na urz\u0105dzeniu ko\u0144cowym U\u017cytkownika Serwisu pliki cookies oraz uzyskuj\u0105cym do nich dost\u0119p jest operator serwisu internetowego &#8211; Wojew\u00f3dzki Inspektorat Inspekcji Handlowej w Gda\u0144sku.<\/li>\n<li>Pliki cookies wykorzystywane s\u0105 w celu:<br \/>\na) dostosowania zawarto\u015bci stron internetowych Serwisu do preferencji U\u017cytkownika oraz optymalizacji korzystania ze stron internetowych; w szczeg\u00f3lno\u015bci pliki te pozwalaj\u0105 rozpozna\u0107 urz\u0105dzenie U\u017cytkownika Serwisu i odpowiednio wy\u015bwietli\u0107 stron\u0119 internetow\u0105, dostosowan\u0105 do jego indywidualnych potrzeb;<br \/>\nb) tworzenia statystyk, kt\u00f3re pomagaj\u0105 zrozumie\u0107, w jaki spos\u00f3b U\u017cytkownicy Serwisu korzystaj\u0105 ze stron internetowych, co umo\u017cliwia ulepszanie ich struktury i zawarto\u015bci;<\/li>\n<li>W ramach Serwisu stosowane s\u0105 dwa zasadnicze rodzaje plik\u00f3w cookies: \u201esesyjne\u201d (session cookies) oraz \u201esta\u0142e\u201d (persistent cookies). Cookies \u201esesyjne\u201d s\u0105 plikami tymczasowymi, kt\u00f3re przechowywane s\u0105 w urz\u0105dzeniu ko\u0144cowym U\u017cytkownika do czasu wylogowania, opuszczenia strony internetowej lub wy\u0142\u0105czenia oprogramowania (przegl\u0105darki internetowej). \u201eSta\u0142e\u201d pliki cookies przechowywane s\u0105 w urz\u0105dzeniu ko\u0144cowym U\u017cytkownika przez czas okre\u015blony w parametrach plik\u00f3w cookies lub do czasu ich usuni\u0119cia przez U\u017cytkownika.<\/li>\n<li>W ramach Serwisu stosowane s\u0105 nast\u0119puj\u0105ce rodzaje plik\u00f3w cookies:<br \/>\na) \u201eniezb\u0119dne\u201d pliki cookies, umo\u017cliwiaj\u0105ce korzystanie z us\u0142ug dost\u0119pnych w ramach Serwisu, np. uwierzytelniaj\u0105ce pliki cookies wykorzystywane do us\u0142ug wymagaj\u0105cych uwierzytelniania w ramach Serwisu;<br \/>\nb) pliki cookies s\u0142u\u017c\u0105ce do zapewnienia bezpiecze\u0144stwa, np. wykorzystywane do wykrywania nadu\u017cy\u0107 w zakresie uwierzytelniania w ramach Serwisu;<br \/>\nc) \u201ewydajno\u015bciowe\u201d pliki cookies, umo\u017cliwiaj\u0105ce zbieranie informacji o sposobie korzystania ze stron internetowych Serwisu;<br \/>\nd) \u201efunkcjonalne\u201d pliki cookies, umo\u017cliwiaj\u0105ce \u201ezapami\u0119tanie\u201d wybranych przez U\u017cytkownika ustawie\u0144 i personalizacj\u0119 interfejsu U\u017cytkownika, np. w zakresie wybranego j\u0119zyka lub regionu, z kt\u00f3rego pochodzi U\u017cytkownik, rozmiaru czcionki, wygl\u0105du strony internetowej itp.;<\/li>\n<li>W wielu przypadkach oprogramowanie s\u0142u\u017c\u0105ce do przegl\u0105dania stron internetowych (przegl\u0105darka internetowa) domy\u015blnie dopuszcza przechowywanie plik\u00f3w cookies w urz\u0105dzeniu ko\u0144cowym U\u017cytkownika. U\u017cytkownicy Serwisu mog\u0105 dokona\u0107 w ka\u017cdym czasie zmiany ustawie\u0144 dotycz\u0105cych plik\u00f3w cookies. Ustawienia te mog\u0105 zosta\u0107 zmienione w szczeg\u00f3lno\u015bci w taki spos\u00f3b, aby blokowa\u0107 automatyczn\u0105 obs\u0142ug\u0119 plik\u00f3w cookies w ustawieniach przegl\u0105darki internetowej b\u0105d\u017a informowa\u0107 o ich ka\u017cdorazowym zamieszczeniu w urz\u0105dzeniu U\u017cytkownika Serwisu. Szczeg\u00f3\u0142owe informacje o mo\u017cliwo\u015bci i sposobach obs\u0142ugi plik\u00f3w cookies dost\u0119pne s\u0105 w ustawieniach oprogramowania (przegl\u0105darki internetowej).<\/li>\n<li>Operator Serwisu informuje, \u017ce ograniczenia stosowania plik\u00f3w cookies mog\u0105 wp\u0142yn\u0105\u0107 na niekt\u00f3re funkcjonalno\u015bci dost\u0119pne na stronach internetowych Serwisu.<\/li>\n<li>Pliki cookies zamieszczane w urz\u0105dzeniu ko\u0144cowym U\u017cytkownika Serwisu i wykorzystywane mog\u0105 by\u0107 r\u00f3wnie\u017c przez wsp\u00f3\u0142pracuj\u0105cych z operatorem Serwisu reklamodawc\u00f3w oraz partner\u00f3w.<\/li>\n<li>Wi\u0119cej informacji na temat plik\u00f3w cookies dost\u0119pnych jest pod adresem <a href=\"http:\/\/wszystkoociasteczkach.pl\/\"><span style=\"color: #993300;\">http:\/\/wszystkoociasteczkach.pl<\/span><\/a> lub w sekcji \u201ePomoc\u201d w menu przegl\u0105darki internetowej.<\/li>\n<\/ol>\n","protected":false},"excerpt":{"rendered":"<div class=\"mh-excerpt\"><p>Administrator Administratorem danych osobowych pozyskiwanych oraz przetwarzanych za po\u015brednictwem Serwisu jest Pomorski Wojew\u00f3dzki Inspektor Inspekcji Handlowej, ul. M. Konopnickiej 4, 80-240 Gda\u0144sk. Cel, podstawa oraz okres przetwarzania danych Dane osobowe <a class=\"mh-excerpt-more\" href=\"https:\/\/ihgd.pl\/?page_id=5910\" title=\"Polityka prywatno\u015bci serwisu internetowego Wojew\u00f3dzkiego Inspektoratu Inspekcji Handlowej w Gda\u0144sku.\">(((&#8230;wi\u0119cej)))<\/a><\/p>\n<\/div>","protected":false},"author":1,"featured_media":0,"parent":0,"menu_order":0,"comment_status":"closed","ping_status":"closed","template":"","meta":{"ngg_post_thumbnail":0,"footnotes":""},"class_list":["post-5910","page","type-page","status-publish","hentry"],"_links":{"self":[{"href":"https:\/\/ihgd.pl\/index.php?rest_route=\/wp\/v2\/pages\/5910","targetHints":{"allow":["GET"]}}],"collection":[{"href":"https:\/\/ihgd.pl\/index.php?rest_route=\/wp\/v2\/pages"}],"about":[{"href":"https:\/\/ihgd.pl\/index.php?rest_route=\/wp\/v2\/types\/page"}],"author":[{"embeddable":true,"href":"https:\/\/ihgd.pl\/index.php?rest_route=\/wp\/v2\/users\/1"}],"replies":[{"embeddable":true,"href":"https:\/\/ihgd.pl\/index.php?rest_route=%2Fwp%2Fv2%2Fcomments&post=5910"}],"version-history":[{"count":6,"href":"https:\/\/ihgd.pl\/index.php?rest_route=\/wp\/v2\/pages\/5910\/revisions"}],"predecessor-version":[{"id":5916,"href":"https:\/\/ihgd.pl\/index.php?rest_route=\/wp\/v2\/pages\/5910\/revisions\/5916"}],"wp:attachment":[{"href":"https:\/\/ihgd.pl\/index.php?rest_route=%2Fwp%2Fv2%2Fmedia&parent=5910"}],"curies":[{"name":"wp","href":"https:\/\/api.w.org\/{rel}","templated":true}]}}