{"id":52,"date":"2017-07-26T09:47:38","date_gmt":"2017-07-26T07:47:38","guid":{"rendered":"http:\/\/ihgd.home.pl\/wordpress\/?page_id=52"},"modified":"2017-11-15T18:03:20","modified_gmt":"2017-11-15T17:03:20","slug":"porady-konsumenckie","status":"publish","type":"page","link":"https:\/\/ihgd.pl\/?page_id=52","title":{"rendered":"Porady konsumenckie"},"content":{"rendered":"<p style=\"text-align: justify;\">Zgodnie z przepisami ustawy o Inspekcji Handlowej jednym z zada\u0144 organu Inspekcji Handlowej jest prowadzenie poradnictwa konsumenckiego. Zadanie to w Pomorskim Wojew\u00f3dzkim Inspektoracie Inspekcji Handlowej jest realizowane przede wszystkim przez pracownik\u00f3w Wydzia\u0142u ds. Pozas\u0105dowego Rozwi\u0105zywania Spor\u00f3w Konsumenckich. <\/p>\n<p><b>Porady mo\u017cna uzyska\u0107 drog\u0105 telefoniczn\u0105, pisemn\u0105 (email i poczta) oraz osobi\u015bcie w siedzibie Pomorskiego Wojew\u00f3dzkiego Inspektoratu Inspekcji Handlowej w Gda\u0144sku. Porady udzielane s\u0105 nieodp\u0142atnie.<\/b><\/p>\n","protected":false},"excerpt":{"rendered":"<div class=\"mh-excerpt\"><p>Zgodnie z przepisami ustawy o Inspekcji Handlowej jednym z zada\u0144 organu Inspekcji Handlowej jest prowadzenie poradnictwa konsumenckiego. Zadanie to w Pomorskim Wojew\u00f3dzkim Inspektoracie Inspekcji Handlowej jest realizowane przede wszystkim przez <a class=\"mh-excerpt-more\" href=\"https:\/\/ihgd.pl\/?page_id=52\" title=\"Porady konsumenckie\">(((&#8230;wi\u0119cej)))<\/a><\/p>\n<\/div>","protected":false},"author":1,"featured_media":0,"parent":44,"menu_order":0,"comment_status":"closed","ping_status":"closed","template":"","meta":{"ngg_post_thumbnail":0,"footnotes":""},"class_list":["post-52","page","type-page","status-publish","hentry"],"_links":{"self":[{"href":"https:\/\/ihgd.pl\/index.php?rest_route=\/wp\/v2\/pages\/52","targetHints":{"allow":["GET"]}}],"collection":[{"href":"https:\/\/ihgd.pl\/index.php?rest_route=\/wp\/v2\/pages"}],"about":[{"href":"https:\/\/ihgd.pl\/index.php?rest_route=\/wp\/v2\/types\/page"}],"author":[{"embeddable":true,"href":"https:\/\/ihgd.pl\/index.php?rest_route=\/wp\/v2\/users\/1"}],"replies":[{"embeddable":true,"href":"https:\/\/ihgd.pl\/index.php?rest_route=%2Fwp%2Fv2%2Fcomments&post=52"}],"version-history":[{"count":4,"href":"https:\/\/ihgd.pl\/index.php?rest_route=\/wp\/v2\/pages\/52\/revisions"}],"predecessor-version":[{"id":365,"href":"https:\/\/ihgd.pl\/index.php?rest_route=\/wp\/v2\/pages\/52\/revisions\/365"}],"up":[{"embeddable":true,"href":"https:\/\/ihgd.pl\/index.php?rest_route=\/wp\/v2\/pages\/44"}],"wp:attachment":[{"href":"https:\/\/ihgd.pl\/index.php?rest_route=%2Fwp%2Fv2%2Fmedia&parent=52"}],"curies":[{"name":"wp","href":"https:\/\/api.w.org\/{rel}","templated":true}]}}