{"id":5060,"date":"2024-09-25T11:19:20","date_gmt":"2024-09-25T09:19:20","guid":{"rendered":"https:\/\/ihgd.pl\/?page_id=5060"},"modified":"2024-09-25T11:26:52","modified_gmt":"2024-09-25T09:26:52","slug":"sygnalisci","status":"publish","type":"page","link":"https:\/\/ihgd.pl\/?page_id=5060","title":{"rendered":"Sygnali\u015bci"},"content":{"rendered":"<p style=\"text-align: justify;\"><span style=\"color: #800000;\"><strong>Na podstawie ustawy z dnia 14 czerwca 2024 r. o ochronie sygnalist\u00f3w (Dz. U. z 2024 r., poz. 928) Zarz\u0105dzeniem nr PO.110.16.2024 Pomorskiego Wojew\u00f3dzkiego Inspektora Inspekcji Handlowej z dnia 23.09.2024 r. ustalono zasady&nbsp; dokonywania zg\u0142osze\u0144 narusze\u0144 prawa w Wojew\u00f3dzkim Inspektoracie Inspekcji Handlowej w Gda\u0144sku.<\/strong><\/span><\/p>\n<p style=\"text-align: justify;\"><span style=\"color: #008000;\"><strong>Zarz\u0105dzenie okre\u015bla:<\/strong><\/span><br \/>\n1) procedur\u0119 zg\u0142aszania narusze\u0144 prawa w Wojew\u00f3dzkim Inspektoracie Inspekcji Handlowej w Gda\u0144sku, w tym:<\/p>\n<p style=\"padding-left: 40px; text-align: justify;\">a) sposoby przyjmowania zg\u0142osze\u0144,<br \/>\nb) kom\u00f3rk\u0119 organizacyjn\u0105 przyjmuj\u0105c\u0105 zg\u0142oszenia,<br \/>\nc) sposoby przekazywania zg\u0142osze\u0144 do w\u0142a\u015bciwych organ\u00f3w,<br \/>\nd) termin na przekazanie zg\u0142aszaj\u0105cemu informacji zwrotnej;<\/p>\n<p style=\"text-align: justify;\">2) kom\u00f3rk\u0119 organizacyjn\u0105 weryfikuj\u0105c\u0105 zg\u0142oszenia i komunikuj\u0105c\u0105 si\u0119 ze zg\u0142aszaj\u0105cym;<br \/>\n3) dzia\u0142ania nast\u0119pcze podejmowane przez Inspektorat w celu zweryfikowania informacji o naruszeniach prawa oraz \u015brodki, jakie mog\u0105 zosta\u0107 zastosowane w przypadku stwierdzenia naruszenia prawa;<br \/>\n4) osoby uprawnione do dokonywania zg\u0142osze\u0144;<br \/>\n5) naruszenia podlegaj\u0105ce zg\u0142oszeniom.<\/p>\n<p style=\"text-align: justify;\">Przepisy zarz\u0105dzenia stosuje si\u0119 do zg\u0142osze\u0144 dokonywanych przez osob\u0119 fizyczn\u0105, kt\u00f3ra zg\u0142asza lub ujawnia publicznie informacj\u0119 o naruszeniu prawa uzyskan\u0105 w kontek\u015bcie zwi\u0105zanym z prac\u0105, tj. do:<br \/>\n1) pracownika, tak\u017ce w przypadku, gdy stosunek pracy ju\u017c usta\u0142;<br \/>\n2) osoby ubiegaj\u0105cej si\u0119 o zatrudnienie, kt\u00f3ra uzyska\u0142a informacj\u0119 o naruszeniu prawa w procesie rekrutacji lub negocjacji poprzedzaj\u0105cych zawarcie umowy;<br \/>\n3) osoby \u015bwiadcz\u0105cej prac\u0119 na innej podstawie ni\u017c stosunek pracy, w tym na podstawie umowy cywilnoprawnej;<br \/>\n4) przedsi\u0119biorcy wykonuj\u0105cego us\u0142ugi na rzecz Inspektoratu;<br \/>\n5) osoby \u015bwiadcz\u0105cej prac\u0119 pod nadzorem i kierownictwem wykonawcy, podwykonawcy lub dostawcy, w tym na podstawie umowy cywilnoprawnej;<br \/>\n6) praktykanta, sta\u017cysty i wolontariusza.<\/p>\n<p style=\"text-align: justify;\">Zarz\u0105dzenie stosuje si\u0119 r\u00f3wnie\u017c do zg\u0142osze\u0144 anonimowych.<\/p>\n<p style=\"text-align: justify;\"><strong><span style=\"color: #008000;\">Zg\u0142oszenia przekazuje si\u0119:<\/span><\/strong><br \/>\n1) za pomoc\u0105 poczty elektronicznej na adres: <span style=\"color: #993300;\"><strong>sygnal@ihgd.pl;<\/strong><\/span><br \/>\n2) osobi\u015bcie po wcze\u015bniejszym um\u00f3wieniu spotkania -za pomoc\u0105 formularza zg\u0142oszenia naruszenia prawa (link do formularza poni\u017cej);<br \/>\n3) w formie papierowej &#8211; poprzez wrzucenie zg\u0142oszenia do skrzynki umieszczonej w miejscu nieobj\u0119tym monitoringiem, znajduj\u0105cej si\u0119 przy tablicy informacyjnej na pierwszym pi\u0119trze budynku;<br \/>\n4) listownie &#8211; na kopercie nale\u017cy umie\u015bci\u0107 dopisek: &#8222;zg\u0142oszenie sygnalizacyjne&#8221;.<\/p>\n<p style=\"text-align: justify;\"><span style=\"color: #ff0000;\"><strong>Formularz zg\u0142oszenia naruszenia prawa<\/strong><\/span><\/p>\n<p><a href=\"https:\/\/ihgd.pl\/wordpress\/wp-content\/uploads\/sygnalisci\/zalacznik_nr_1_do_zarzadzenie_pwiih_PO.110.16.2024.docx\" target=\"_blank\" rel=\"noopener\"><span style=\"color: #000000;\">wersja do edycji (MS WORD)<\/span><\/a><br \/>\n<span style=\"color: #000000;\"><a style=\"color: #000000;\" href=\"https:\/\/ihgd.pl\/wordpress\/wp-content\/uploads\/sygnalisci\/zalacznik_nr_1_do_zarzadzenie_pwiih_PO.110.16.2024.pdf\" target=\"_blank\" rel=\"noopener\">formularz w PDF<\/a><\/span><\/p>\n<p><strong><span style=\"color: #ff0000;\">Formularz zg\u0142oszenia dzia\u0142a\u0144 odwetowych<\/span><\/strong><\/p>\n<p><a href=\"https:\/\/ihgd.pl\/wordpress\/wp-content\/uploads\/sygnalisci\/zalacznik_nr_2_do_zarzadzenie_pwiih_PO.110.16.2024.docx\" target=\"_blank\" rel=\"noopener\"><span style=\"color: #000000;\">wersja do edycji (MS WORD)<\/span><\/a><br \/>\n<span style=\"color: #000000;\"><a style=\"color: #000000;\" href=\"https:\/\/ihgd.pl\/wordpress\/wp-content\/uploads\/sygnalisci\/zalacznik_nr_2_do_zarzadzenie_pwiih_PO.110.16.2024.pdf\" target=\"_blank\" rel=\"noopener\">formularz w PDF<\/a><\/span><\/p>\n<p style=\"text-align: justify;\">Warunki kwalifikowania si\u0119 zg\u0142aszaj\u0105cego do obj\u0119cia ochron\u0105, tryb post\u0119powania w przypadku zg\u0142oszenia. zasady poufno\u015bci maj\u0105ce zastosowanie do zg\u0142osze\u0144, w tym informacje zwi\u0105zane z przetwarzaniem danych osobowych, charakter dzia\u0142a\u0144 nast\u0119pczych podejmowanych w zwi\u0105zku ze zg\u0142oszeniem oraz informacje o \u015brodkach ochrony prawnej i procedurach s\u0142u\u017c\u0105cych ochronie przed dzia\u0142aniami odwetowymi <span style=\"color: #800000;\"><strong>okre\u015bla&nbsp; Zarz\u0105dzenie Pomorskiego Wojew\u00f3dzkiego Inspektora Inspekcji Handlowej sprawie ustalenia zasad dokonywania zg\u0142osze\u0144 narusze\u0144 prawa w Wojew\u00f3dzkim Inspektoracie Inspekcji Handlowej w Gda\u0144sku.<\/strong><\/span><\/p>\n<p style=\"text-align: justify;\"><strong><span style=\"color: #ff0000;\">link do Zarz\u0105dzenia:<\/span><\/strong><\/p>\n<p><a href=\"https:\/\/ihgd.pl\/wordpress\/wp-content\/uploads\/sygnalisci\/zarzadzenie_pwiih_PO.110.16.2024-.zasady_dokonywania_zgloszen_naruszen_prawa_w_WIIH_w_Gdansku.pdf\" target=\"_blank\" rel=\"noopener\"><span style=\"color: #000000;\">Zarz\u0105dzenie nr PO.110.16.2024 Pomorskiego Wojew\u00f3dzkiego Inspektora Inspekcji Handlowej z dnia 23.09.2024 r. w sprawie ustalenia zasad dokonywania zg\u0142osze\u0144 narusze\u0144 prawa w Wojew\u00f3dzkim Inspektoracie Inspekcji Handlowej w Gda\u0144sku (PDF)<\/span><\/a><\/p>\n<p style=\"text-align: justify;\">Informacje dot. przetwarzania danych osobowych w sprawie zg\u0142oszenia narusze\u0144 prawa w WIIH w Gda\u0144ski zawarte s\u0105 w klauzuli informacyjnej dot. przetwarzania danych osobowych:<\/p>\n<p style=\"text-align: justify;\"><strong><span style=\"color: #ff0000;\">Klauzula informacyjna:<br \/>\n<\/span><\/strong><\/p>\n<p><span style=\"color: #000000;\"><a style=\"color: #000000;\" href=\"https:\/\/ihgd.pl\/wordpress\/wp-content\/uploads\/sygnalisci\/klauzula_informacyjna_dot_przetwarzania_danych_osobowych-sygnalisci.pdf\" target=\"_blank\" rel=\"noopener\">Klauzula informacyjna dot. przetwarzania danych osobowych przy zg\u0142oszeniach o naruszenia prawa w Wojew\u00f3dzkim Inspektoracie Inspekcji Handlowej w Gda\u0144sku i podejmowaniu dzia\u0142a\u0144 nast\u0119pczych (PDF)<\/a><\/span><\/p>\n","protected":false},"excerpt":{"rendered":"<div class=\"mh-excerpt\"><p>Na podstawie ustawy z dnia 14 czerwca 2024 r. o ochronie sygnalist\u00f3w (Dz. U. z 2024 r., poz. 928) Zarz\u0105dzeniem nr PO.110.16.2024 Pomorskiego Wojew\u00f3dzkiego Inspektora Inspekcji Handlowej z dnia 23.09.2024 <a class=\"mh-excerpt-more\" href=\"https:\/\/ihgd.pl\/?page_id=5060\" title=\"Sygnali\u015bci\">(((&#8230;wi\u0119cej)))<\/a><\/p>\n<\/div>","protected":false},"author":1,"featured_media":0,"parent":0,"menu_order":0,"comment_status":"closed","ping_status":"closed","template":"","meta":{"ngg_post_thumbnail":0,"footnotes":""},"class_list":["post-5060","page","type-page","status-publish","hentry"],"_links":{"self":[{"href":"https:\/\/ihgd.pl\/index.php?rest_route=\/wp\/v2\/pages\/5060","targetHints":{"allow":["GET"]}}],"collection":[{"href":"https:\/\/ihgd.pl\/index.php?rest_route=\/wp\/v2\/pages"}],"about":[{"href":"https:\/\/ihgd.pl\/index.php?rest_route=\/wp\/v2\/types\/page"}],"author":[{"embeddable":true,"href":"https:\/\/ihgd.pl\/index.php?rest_route=\/wp\/v2\/users\/1"}],"replies":[{"embeddable":true,"href":"https:\/\/ihgd.pl\/index.php?rest_route=%2Fwp%2Fv2%2Fcomments&post=5060"}],"version-history":[{"count":11,"href":"https:\/\/ihgd.pl\/index.php?rest_route=\/wp\/v2\/pages\/5060\/revisions"}],"predecessor-version":[{"id":5072,"href":"https:\/\/ihgd.pl\/index.php?rest_route=\/wp\/v2\/pages\/5060\/revisions\/5072"}],"wp:attachment":[{"href":"https:\/\/ihgd.pl\/index.php?rest_route=%2Fwp%2Fv2%2Fmedia&parent=5060"}],"curies":[{"name":"wp","href":"https:\/\/api.w.org\/{rel}","templated":true}]}}