{"id":50,"date":"2017-07-26T09:46:31","date_gmt":"2017-07-26T07:46:31","guid":{"rendered":"http:\/\/ihgd.home.pl\/wordpress\/?page_id=50"},"modified":"2017-11-07T09:48:46","modified_gmt":"2017-11-07T08:48:46","slug":"prawa-konsumenta","status":"publish","type":"page","link":"https:\/\/ihgd.pl\/?page_id=50","title":{"rendered":"Prawa konsumenta"},"content":{"rendered":"<p style=\"text-align: justify;\"><b><span style=\"font-family: Tahoma; font-size: small;\">25 grudnia 2014 r. wesz\u0142a w \u017cycie ustawa o prawach konsumenta, kt\u00f3ra ujednolici\u0142a prawa kupuj\u0105cych i&nbsp;obowi\u0105zki sprzedaj\u0105cych z tymi, kt\u00f3re istniej\u0105 w ca\u0142ej Unii Europejskiej.<\/span><\/b><\/p>\n<p style=\"text-align: justify;\">Urz\u0105d Ochrony Konkurencki i Konsument\u00f3w pragnie pom\u00f3c przedsi\u0119biorcom i konsumentom przygotowa\u0107 si\u0119 na nadchodz\u0105ce zmiany.<br \/>\nWszystkie najwa\u017cniejsze informacje znajd\u0105 Pa\u0144stwo na specjalnie przygotowanej stronie internetowej pod adresem <b><a href=\"http:\/\/prawakonsumenta.uokik.gov.pl\/\" target=\"_blank\" rel=\"noopener\">http:\/\/prawakonsumenta.uokik.gov.pl<\/a><\/b>, kt\u00f3ra stanowi kompedium wiedzy na temat praw i&nbsp;obowi\u0105zk\u00f3w przedsi\u0119biorc\u00f3w oraz konsument\u00f3w.<\/p>\n<p style=\"text-align: justify;\">\u0179r\u00f3d\u0142em informacji na temat wprowadzanych zmian jest r\u00f3wnie\u017c broszura &#8222;Przepisy konsumenckie dla przedsi\u0119biorc\u00f3w&#8221;, kt\u00f3ra zawiera mi\u0119dzy innymi informacje na temat rodzaj\u00f3w um\u00f3w oraz wynikaj\u0105cych z&nbsp;nich zobowi\u0105za\u0144 stron, a tak\u017ce procesu reklamacyjnego. Broszur\u0119 mo\u017cna pobra\u0107 tutaj: <a href=\"http:\/\/www.prawakonsumenta.uokik.gov.pl\/pliki\/uokik_przepisy_konsumenckie_dla_przedsiebiorcow_2014.pdf\" target=\"_blank\" rel=\"noopener\">Broszura: Przepisy konsumenckie dla przedsi\u0119biorc\u00f3w.<\/a><\/p>\n<p style=\"text-align: justify;\"><b>Lista najwa\u017cniejszych zmian, kt\u00f3re wprowadza ustawa:<\/b><br \/>\n* obowi\u0105zek przedsi\u0119biorc\u00f3w do udzielania pe\u0142nych informacji na temat oferowanych towar\u00f3w i us\u0142ug,<br \/>\n* prawo konsument\u00f3w do \u017c\u0105dania od samego pocz\u0105tki procesu reklamacji jednego z czterech roszcze\u0144: naprawy towaru, wymiany rzeczy, obni\u017cenia ceny lub odst\u0105pienia od umowy (w przypadku, gdy wada jest istotna),<br \/>\n* domniemanie istnienia wady w chwili wydania towaru &#8211; wyd\u0142u\u017cenie terminu z 6 miesi\u0119cy do 1 roku,<br \/>\n* konieczno\u015b\u0107 uzyskania przez przedsi\u0119biorc\u0119 wyra\u017anej zgody konsumenta na wszelkie dodatkowe p\u0142atno\u015bci wykraczaj\u0105ce poza uzgodnione wynagrodzenie wynikaj\u0105ce z umowy sprzeda\u017cy,<br \/>\n* wyd\u0142u\u017cenie prawa do odst\u0105pienia od umowy zawartej na odleg\u0142o\u015b\u0107 lub poza lokalem przedsi\u0119biorstwa z&nbsp;10 do 14 dni.<\/p>\n<p style=\"text-align: justify;\"><b>Zach\u0119camy Pa\u0144stwa do korzystania ze strony Urz\u0119du Ochrony Konkurencji i Konsument\u00f3w i&nbsp;zapoznania si\u0119 z nowymi regulacjami prawnymi i konsekwencjami, jakie wynikaj\u0105 z ich wprowadzenia.<\/b><\/p>\n","protected":false},"excerpt":{"rendered":"<div class=\"mh-excerpt\"><p>25 grudnia 2014 r. wesz\u0142a w \u017cycie ustawa o prawach konsumenta, kt\u00f3ra ujednolici\u0142a prawa kupuj\u0105cych i&nbsp;obowi\u0105zki sprzedaj\u0105cych z tymi, kt\u00f3re istniej\u0105 w ca\u0142ej Unii Europejskiej. Urz\u0105d Ochrony Konkurencki i Konsument\u00f3w <a class=\"mh-excerpt-more\" href=\"https:\/\/ihgd.pl\/?page_id=50\" title=\"Prawa konsumenta\">(((&#8230;wi\u0119cej)))<\/a><\/p>\n<\/div>","protected":false},"author":1,"featured_media":0,"parent":44,"menu_order":0,"comment_status":"closed","ping_status":"closed","template":"","meta":{"ngg_post_thumbnail":0,"footnotes":""},"class_list":["post-50","page","type-page","status-publish","hentry"],"_links":{"self":[{"href":"https:\/\/ihgd.pl\/index.php?rest_route=\/wp\/v2\/pages\/50","targetHints":{"allow":["GET"]}}],"collection":[{"href":"https:\/\/ihgd.pl\/index.php?rest_route=\/wp\/v2\/pages"}],"about":[{"href":"https:\/\/ihgd.pl\/index.php?rest_route=\/wp\/v2\/types\/page"}],"author":[{"embeddable":true,"href":"https:\/\/ihgd.pl\/index.php?rest_route=\/wp\/v2\/users\/1"}],"replies":[{"embeddable":true,"href":"https:\/\/ihgd.pl\/index.php?rest_route=%2Fwp%2Fv2%2Fcomments&post=50"}],"version-history":[{"count":3,"href":"https:\/\/ihgd.pl\/index.php?rest_route=\/wp\/v2\/pages\/50\/revisions"}],"predecessor-version":[{"id":278,"href":"https:\/\/ihgd.pl\/index.php?rest_route=\/wp\/v2\/pages\/50\/revisions\/278"}],"up":[{"embeddable":true,"href":"https:\/\/ihgd.pl\/index.php?rest_route=\/wp\/v2\/pages\/44"}],"wp:attachment":[{"href":"https:\/\/ihgd.pl\/index.php?rest_route=%2Fwp%2Fv2%2Fmedia&parent=50"}],"curies":[{"name":"wp","href":"https:\/\/api.w.org\/{rel}","templated":true}]}}