{"id":315,"date":"2017-11-08T08:40:25","date_gmt":"2017-11-08T07:40:25","guid":{"rendered":"http:\/\/ihgd.home.pl\/wordpress\/?page_id=315"},"modified":"2025-03-24T09:58:16","modified_gmt":"2025-03-24T08:58:16","slug":"jak-wniesc-wniosek","status":"publish","type":"page","link":"https:\/\/ihgd.pl\/?page_id=315","title":{"rendered":"Jak wnie\u015b\u0107 wniosek?"},"content":{"rendered":"<p style=\"text-align: justify;\">W celu dochodzenia roszcze\u0144 przed tut. Sta\u0142ym S\u0105dem Polubownym niezb\u0119dne jest <strong>sporz\u0105dzenie&nbsp; wniosku o rozpoznanie sprawy przez Sta\u0142y S\u0105d Polubowny w Gda\u0144sku przy Pomorskim Wojew\u00f3dzkim Inspektorze Inspekcji Handlowej<\/strong> (wraz z odpisem wniosku dla dor\u0119czenia go stronie przeciwnej)<strong>.<\/strong><\/p>\n<p style=\"text-align: justify;\">Sta\u0142e s\u0105dy polubowne rozpatruj\u0105 spory o prawa maj\u0105tkowe wynik\u0142e z um\u00f3w zawartych mi\u0119dzy konsumentami a przedsi\u0119biorcami (na przyk\u0142ad umowy sprzeda\u017cy, umowy o dzie\u0142o etc.).<\/p>\n<p style=\"text-align: justify;\">S\u0105dy dzia\u0142aj\u0105 w oparciu o przepisy ustawy z dnia 15.12.2000 r. o Inspekcji Handlowej (t.j.: Dz. U. z 2025 roku, poz. 229) oraz rozporz\u0105dzenia Ministra Sprawiedliwo\u015bci z dnia 6.07.2017 r. w sprawie okre\u015blenia regulaminu organizacji i dzia\u0142ania sta\u0142ych s\u0105d\u00f3w polubownych przy wojew\u00f3dzkich inspektorach inspekcji handlowej (Dz. U. z &nbsp;2017 r., poz. 1356); w zakresie nieuregulowanym ustaw\u0105 stosuje si\u0119 przepisy ustawy z dnia 17.11.1964 r. Kodeks post\u0119powania cywilnego (t.j. Dz. U. z 2024 r., poz.1568, ze zm.).<\/p>\n<p style=\"text-align: justify;\">Wniosek o rozpatrzenie sporu&nbsp; sporz\u0105dza si\u0119 w liczbie 3 egzemplarzy (po jednym egzemplarzy dla stron post\u0119powania oraz dodatkowo jeden egzemplarz dla S\u0105du). Wniosek winien by\u0107 podpisany odr\u0119cznie przez osob\u0119 wnosz\u0105c\u0105 go. Do ka\u017cdego wniosku nale\u017cy za\u0142\u0105czy\u0107 si\u0119 kopie wszelkich dokument\u00f3w zwi\u0105zanych ze spraw\u0105, a mianowicie dokument potwierdzaj\u0105cy nabycie produktu lub zlecenie wykonania dzie\u0142a, potwierdzenie dokonania nale\u017cnej p\u0142atno\u015bci za nabyty produkt lub za realizacje zlecenia wykonania dzie\u0142a, dokumenty potwierdzaj\u0105ce zg\u0142oszenie reklamacji oraz wszelkie pisma &#8211; odpowiedzi stron post\u0119powania w sprawie reklamacji. Wszystkie za\u0142\u0105czone dokumenty nale\u017cy wymieni\u0107 we wniosku (V. Za\u0142\u0105czniki). &nbsp;W przypadku pos\u0142ugiwania si\u0119 dokumentami sporz\u0105dzonymi przez przedstawiciela prawnego (reprezentanta) do tych dokument\u00f3w nale\u017cy za\u0142\u0105czy\u0107 udzielone pe\u0142nomocnictwo oraz dokument potwierdzaj\u0105cy uiszczenie op\u0142aty skarbowej przez przedstawiciela prawnego.<\/p>\n<p style=\"text-align: justify;\">Istnieje mo\u017cliwo\u015b\u0107 z\u0142o\u017cenia wniosku: w postaci papierowej za po\u015brednictwem poczty lub osobi\u015bcie.<\/p>\n<p style=\"text-align: justify;\">Ponadto do wniosku nale\u017cy za\u0142\u0105czy\u0107 w jednym egzemplarzu wype\u0142niony i podpisany w miejscu podpisu wnioskodawcy (reprezentanta) zapis na s\u0105d polubowny. <span style=\"color: #ff0000;\"><strong>Zapis nale\u017cy podpisa\u0107 odr\u0119cznie i przekaza\u0107 do tut. S\u0105du orygina\u0142 dokumentu<\/strong><\/span>.<\/p>\n<p style=\"text-align: justify;\">Informujemy, \u017ce zar\u00f3wno wniosek jak i Zapis na S\u0105d Polubowny powinien zawiera\u0107: <span style=\"color: #008000;\"><strong>oznaczenie strony przeciwnej sporu<\/strong><\/span> &#8211; przedsi\u0119biorcy zgodne z aktualnym dokumentem rejestrowym (wpisem do KRS\/ CEIDG) oraz <span style=\"color: #008000;\"><strong>tytu\u0142 prawny odnosz\u0105cy si\u0119 do przedmiotu sporu<\/strong><\/span> (np. umowa sprzeda\u017cy \u2026\u2026\u2026 lub umowa o dzie\u0142o&nbsp; nr\u2026.. z dnia \u2026\u2026 op\u0142acona kwot\u0105 w wysoko\u015bci\u2026).<\/p>\n<p style=\"text-align: justify;\">Jednocze\u015bnie informuj\u0119, \u017ce aby sta\u0142y s\u0105d polubowny uzyska\u0142 legitymacj\u0119 do dzia\u0142ania niezb\u0119dne jest wyra\u017cenie zgody przez drug\u0105 stron\u0119 sporu tj. przedsi\u0119biorc\u0119.<\/p>\n<p style=\"text-align: justify;\"><strong>Formularz wniosku oraz zapisu&nbsp; znajduje si\u0119 na stronie w zak\u0142adce &#8222;Sta\u0142y S\u0105d Polubowny&#8221;.<\/strong><\/p>\n","protected":false},"excerpt":{"rendered":"<div class=\"mh-excerpt\"><p>W celu dochodzenia roszcze\u0144 przed tut. Sta\u0142ym S\u0105dem Polubownym niezb\u0119dne jest sporz\u0105dzenie&nbsp; wniosku o rozpoznanie sprawy przez Sta\u0142y S\u0105d Polubowny w Gda\u0144sku przy Pomorskim Wojew\u00f3dzkim Inspektorze Inspekcji Handlowej (wraz z <a class=\"mh-excerpt-more\" href=\"https:\/\/ihgd.pl\/?page_id=315\" title=\"Jak wnie\u015b\u0107 wniosek?\">(((&#8230;wi\u0119cej)))<\/a><\/p>\n<\/div>","protected":false},"author":1,"featured_media":0,"parent":0,"menu_order":0,"comment_status":"closed","ping_status":"closed","template":"","meta":{"ngg_post_thumbnail":0,"footnotes":""},"class_list":["post-315","page","type-page","status-publish","hentry"],"_links":{"self":[{"href":"https:\/\/ihgd.pl\/index.php?rest_route=\/wp\/v2\/pages\/315","targetHints":{"allow":["GET"]}}],"collection":[{"href":"https:\/\/ihgd.pl\/index.php?rest_route=\/wp\/v2\/pages"}],"about":[{"href":"https:\/\/ihgd.pl\/index.php?rest_route=\/wp\/v2\/types\/page"}],"author":[{"embeddable":true,"href":"https:\/\/ihgd.pl\/index.php?rest_route=\/wp\/v2\/users\/1"}],"replies":[{"embeddable":true,"href":"https:\/\/ihgd.pl\/index.php?rest_route=%2Fwp%2Fv2%2Fcomments&post=315"}],"version-history":[{"count":8,"href":"https:\/\/ihgd.pl\/index.php?rest_route=\/wp\/v2\/pages\/315\/revisions"}],"predecessor-version":[{"id":5478,"href":"https:\/\/ihgd.pl\/index.php?rest_route=\/wp\/v2\/pages\/315\/revisions\/5478"}],"wp:attachment":[{"href":"https:\/\/ihgd.pl\/index.php?rest_route=%2Fwp%2Fv2%2Fmedia&parent=315"}],"curies":[{"name":"wp","href":"https:\/\/api.w.org\/{rel}","templated":true}]}}