{"id":30,"date":"2017-07-26T09:38:12","date_gmt":"2017-07-26T07:38:12","guid":{"rendered":"http:\/\/ihgd.home.pl\/wordpress\/?page_id=30"},"modified":"2026-03-02T08:22:47","modified_gmt":"2026-03-02T07:22:47","slug":"ogloszenia-o-naborze-na-wolne-stanowiska-pracy","status":"publish","type":"page","link":"https:\/\/ihgd.pl\/?page_id=30","title":{"rendered":"Og\u0142oszenia o naborze na wolne stanowiska pracy \/ wyniki przeprowadzonych nabor\u00f3w."},"content":{"rendered":"<p style=\"text-align: justify;\"><span style=\"color: #800000;\"><strong>Podstawa prawna przeprowadzania nabor\u00f3w:<\/strong> <\/span><br \/>\nart. 26 ust. 1 ustawy z dnia 21 listopada 2008 r. o s\u0142u\u017cbie cywilnej (t.j. Dz. U. z 2024 r., poz. 409).<\/p>\n<p style=\"text-align: justify;\">Nab\u00f3r kandydat\u00f3w do korpusu s\u0142u\u017cby cywilnej w Wojew\u00f3dzkim Inspektoracie Inspekcji Handlowej reguluje Zarz\u0105dzenie nr PO.110.19.2024 Pomorskiego Wojew\u00f3dzkiego Inspektora Inspekcji Handlowej z dnia 30.09.2024 r. w sprawie ustanowienia regulaminu naboru kandydat\u00f3w do korpusu s\u0142u\u017cby cywilnej w Wojew\u00f3dzkim Inspektoracie Inspekcji Handlowej w Gda\u0144sku:<\/p>\n<p style=\"text-align: justify;\"><span style=\"color: #ff0000;\"><a style=\"color: #ff0000;\" href=\"https:\/\/ihgd.pl\/wordpress\/wp-content\/uploads\/zarzadzenie_pwiih_po.110.19.2024.pdf\" target=\"_blank\" rel=\"noopener\"><strong>Zarz\u0105dzenie PWIIH nr PO.110.19.2024 (PDF)<\/strong><\/a><\/span><\/p>\n<p style=\"text-align: justify;\"><strong><span style=\"color: #800000;\">Wymagane dokumenty: <\/span><br \/>\n<\/strong>W og\u0142oszeniach o naborze na wolne stanowiska pracy w Wojew\u00f3dzkim Inspektoracie Inspekcji Handlowej w Gda\u0144sku jest zamieszczana lista wymaganych dokument\u00f3w oraz o\u015bwiadcze\u0144, kt\u00f3re nale\u017cy z\u0142o\u017cy\u0107 w aplikacji na konkretne stanowisko.<\/p>\n<p style=\"text-align: justify;\">Poni\u017cej znajduje si\u0119 lista podstawowych dokument\u00f3w, kt\u00f3re nale\u017cy z\u0142o\u017cy\u0107 w odpowiedzi na og\u0142oszenie:<\/p>\n<ul style=\"text-align: justify;\">\n<li>kserokopia dokument\u00f3w potwierdzaj\u0105cych wykszta\u0142cenie;<\/li>\n<li>list motywacyjny oraz \u017cyciorys lub CV;<\/li>\n<li>o\u015bwiadczenie o posiadaniu obywatelstwa polskiego (b\u0105d\u017a o\u015bwiadczenie o posiadanym obywatelstwie &#8211; w przypadku wskazania w og\u0142oszeniu, \u017ce poza obywatelami polskimi mog\u0105 si\u0119 o nie ubiega\u0107 tak\u017ce cudzoziemcy);<\/li>\n<li>o\u015bwiadczenie kandydata o nieskazaniu za przest\u0119pstwa pope\u0142nione umy\u015blnie oraz umy\u015blne przest\u0119pstwa skarbowe;<\/li>\n<li>o\u015bwiadczenie kandydata o korzystaniu z pe\u0142ni praw publicznych;<\/li>\n<li>o\u015bwiadczenie, \u017ce w okresie od dnia 22 lipca 1944 r. do dnia 31 lipca 1990 r. kandydatka\/kandydat nie pracowa\u0142a\/\u0142, nie pe\u0142ni\u0142a\/\u0142 s\u0142u\u017cby w organach bezpiecze\u0144stwa pa\u0144stwa i nie by\u0142a\/by\u0142 wsp\u00f3\u0142pracownikiem tych organ\u00f3w w rozumieniu przepis\u00f3w ustawy z dnia 18 pa\u017adziernika 2006 r. o ujawnianiu informacji o dokumentach organ\u00f3w bezpiecze\u0144stwa pa\u0144stwa z lat 1944\u20131990 oraz tre\u015bci tych dokument\u00f3w. <u>Nie dotyczy kandydatek\/kandydat\u00f3w urodzonych 1 sierpnia 1972 r. lub p\u00f3\u017aniej.<\/u><\/li>\n<\/ul>\n<p style=\"text-align: justify;\">Poza powy\u017cszymi dokumentami, w og\u0142oszeniu o wolnym stanowisku pracy mog\u0105 zosta\u0107 wskazane inne dokumenty, za pomoc\u0105 kt\u00f3rych kandydat winien potwierdzi\u0107 wymagania formalne zawarte w ofercie pracy.<\/p>\n<p style=\"text-align: justify;\"><span style=\"color: #800000;\"><strong>Termin za\u0142atwienia sprawy:<\/strong><\/span><br \/>\nAplikacje na wolne stanowiska przyjmowane s\u0105 tylko w ramach opublikowanych og\u0142osze\u0144 o wolnych stanowiskach pracy. Og\u0142oszenia publikowane s\u0105: na stronie internetowej Kancelarii Prezesa Rady Ministr\u00f3w w Biuletynie Informacji Publicznej urz\u0119du, na tablicy og\u0142osze\u0144 urz\u0119du lub Delegatury.<\/p>\n<p style=\"text-align: justify;\"><strong>Szczeg\u00f3\u0142owych informacji w kwestii nabor\u00f3w udziela pracownik zajmuj\u0105cy samodzielne stanowisko pracy ds. pracowniczych <\/strong>pod nr telefonu: <strong><span style=\"color: #800000;\">(58) 341-08-77 wew. 42<\/span><\/strong><\/p>\n<p style=\"text-align: justify;\"><b><u><span style=\"color: #800000;\">WZ\u00d3R O\u015aWIADCZENIA<\/span><br \/>\n<\/u><\/b>dla kandydatek \/ kandydat\u00f3w ubiegaj\u0105cych si\u0119 o zatrudnienie w&nbsp;s\u0142u\u017cbie cywilnej.<\/p>\n<p>O\u015bwiadczenia potwierdzaj\u0105 spe\u0142nienie wymaga\u0144 wynikaj\u0105cych z ustawy o s\u0142u\u017cbie cywilnej okre\u015blonych w ka\u017cdym og\u0142oszeniu o naborze.<\/p>\n<p style=\"text-align: justify;\"><b>Sk\u0142adaj\u0105c o\u015bwiadczenia nale\u017cy pami\u0119ta\u0107, \u017ce:<\/b><\/p>\n<ol style=\"text-align: justify;\">\n<li style=\"text-align: justify;\">W tre\u015bci og\u0142oszenia o naborze mog\u0105 zosta\u0107 sformu\u0142owane wymogi dotycz\u0105ce konieczno\u015bci z\u0142o\u017cenia innych o\u015bwiadcze\u0144 ni\u017c te, kt\u00f3re wynikaj\u0105 z przepis\u00f3w ustawy o s\u0142u\u017cbie cywilnej, zatem ka\u017cdorazowo nale\u017cy szczeg\u00f3\u0142owo zapozna\u0107 si\u0119 cz\u0119\u015bci\u0105 og\u0142oszenia o naborze \u201ewymagane dokumenty i o\u015bwiadczenia\u201d oraz \u201einne dokumenty i o\u015bwiadczenia\u201d,<\/li>\n<li style=\"text-align: justify;\">O\u015bwiadczenia musz\u0105 by\u0107 w\u0142asnor\u0119cznie podpisane oraz opatrzone dat\u0105.<\/li>\n<\/ol>\n<p style=\"text-align: justify;\"><a href=\"https:\/\/ihgd.pl\/wordpress\/wp-content\/uploads\/oswiadczenie_do_celow_naboru-2024.docx\" target=\"_blank\" rel=\"noopener\">O\u015bwiadczenie do cel\u00f3w naboru (wersja do edycji MS WORD)<br \/>\n<\/a><a href=\"https:\/\/ihgd.pl\/wordpress\/wp-content\/uploads\/oswiadczenie_do_celow_naboru-2024.pdf\" target=\"_blank\" rel=\"noopener\">O\u015bwiadczenie do cel\u00f3w naboru (PDF)<\/a><\/p>\n<hr>\n<p style=\"text-align: justify;\"><em><strong>Dane osobowe s\u0105 przetwarzane zgodnie z przepisami rozporz\u0105dzenia Parlamentu Europejskiego i Rady (UE) 2016\/679 z dnia 27 kwietnia 2016 r. w sprawie ochrony os\u00f3b fizycznych w zwi\u0105zku z przetwarzaniem danych osobowych i w sprawie swobodnego przep\u0142ywu takich danych oraz uchylenia dyrektywy 95\/46\/WE (RODO).<\/strong><\/em><br \/>\n<em><strong>Ka\u017cdy kandydat przyst\u0119puj\u0105cy do naboru podaje swoje dane dobrowolnie. Bez podania wymaganych danych osobowych nie b\u0119dzie mo\u017cliwy udzia\u0142 w naborze.<\/strong><\/em><\/p>\n<ul style=\"text-align: justify;\">\n<li style=\"text-align: justify;\"><strong>Administrator danych i kontakt do niego<\/strong>: Administratorem Pa\u0144stwa danych osobowych jest Pomorski Wojew\u00f3dzki Inspektor Inspekcji Handlowej, z siedzib\u0105 w Gda\u0144sku przy ul. M. Konopnickiej 4, 80-240 Gda\u0144sk, zwany dalej Administratorem<\/li>\n<li style=\"text-align: justify;\"><strong>Kontakt do inspektora ochrony danych<\/strong>: Inspektorem ochrony danych jest Pan Przemys\u0142aw Hanke, e-mail: iod@ihgd.pl, adres pocztowy: Wojew\u00f3dzki Inspektorat Inspekcji Handlowej w Gda\u0144sku, ul. M. Konopnickiej 4, 80-240 Gda\u0144sk<\/li>\n<li style=\"text-align: justify;\"><strong>Cel przetwarzania danych<\/strong>: przeprowadzenie naboru na stanowisko pracy w s\u0142u\u017cbie cywilnej<\/li>\n<li style=\"text-align: justify;\">Informacje o odbiorcach danych: dane osobowe s\u0105 udost\u0119pniane pracownikowi Administratora, upowa\u017cnionemu do przeprowadzenia procesu rekrutacji,<\/li>\n<li style=\"text-align: justify;\"><strong>Okres przechowywania danych<\/strong>: czas niezb\u0119dny do przeprowadzenia naboru na stanowisko pracy w s\u0142u\u017cbie cywilnej (z uwzgl\u0119dnieniem 3 miesi\u0119cy, w kt\u00f3rych Wojew\u00f3dzki Inspektor Inspekcji Handlowej w Gda\u0144sku ma mo\u017cliwo\u015b\u0107 wyboru kolejnego wy\u0142onionego kandydata, w przypadku, gdy ponownie zaistnieje konieczno\u015b\u0107 obsadzenia tego samego stanowiska).<\/li>\n<li style=\"text-align: justify;\"><strong>Uprawnienia<\/strong>:\n<ul>\n<li>prawo \u017c\u0105dania od administratora danych dost\u0119pu do danych, ich sprostowania, usuni\u0119cia lub ograniczenia przetwarzania, wniesienia sprzeciwu wobec przetwarzania tych danych, a tak\u017ce prawo do przeniesienia danych; \u017c\u0105danie w tej sprawie mo\u017cna przes\u0142a\u0107 na adres kontaktowy administratora danych, podany powy\u017cej,<\/li>\n<li>prawo do wniesienia skargi do organu nadzorczego.<\/li>\n<\/ul>\n<\/li>\n<li style=\"text-align: justify;\"><strong>Podstawa prawna przetwarzania danych<\/strong>: art. 22<sup>1<\/sup> Kodeksu pracy oraz art. 26 i nast. ustawy z dnia 21 listopada 2008 r. o s\u0142u\u017cbie cywilnej w zw. z art. 6 ust. 1 lit. c RODO.<\/li>\n<li style=\"text-align: justify;\"><strong>Inne informacje<\/strong>: podane dane nie b\u0119d\u0105 podstaw\u0105 do zautomatyzowanego podejmowania decyzji; nie b\u0119d\u0105 te\u017c profilowane.<\/li>\n<\/ul>\n<div style=\"text-align: justify;\">\n<div>\n<div>\n<div>\n<div>\n<div>\n<div>\n<div>&nbsp;<\/div>\n<\/div>\n<\/div>\n<\/div>\n<hr>\n<\/div>\n<\/div>\n<\/div>\n<\/div>\n<div style=\"text-align: justify;\">\n<div><em><span style=\"color: #008000;\"><strong>Og\u0142oszenia o naborze na wolne stanowiska pracy:<\/strong><\/span><\/em><\/div>\n<\/div>\n<div>&nbsp;<\/div>\n<div>\n<div>\n<div>\n<div><em><strong>22.01.2026 r.<br \/>\n<\/strong><\/em><a href=\"https:\/\/bip.ihgd.pl\/artykul\/128\/220\/referent-prawny-referentka-prawna-do-spraw-prawnych-i-szkolen-wewnetrznych\" target=\"_blank\" rel=\"noopener\">referent prawny \/ referentka prawna do spraw prawnych i szkole\u0144 wewn\u0119trznych<\/a><br \/>\n<a href=\"http:\/\/ihgd.pl\/wordpress\/wp-content\/uploads\/praca\/wynik_naboru-18.02.2026.pdf\" target=\"_blank\" rel=\"noopener\">Wynik naboru<\/a><\/div>\n<div>\n<hr>\n<\/div>\n<div>&nbsp;<\/div>\n<\/div>\n<div><em><strong>22.01.2026 r.<br \/>\n<\/strong><\/em><a href=\"https:\/\/bip.ihgd.pl\/artykul\/128\/219\/inspektor-inspektorka-do-spraw-kontroli\" target=\"_blank\" rel=\"noopener\">inspektor \/ inspektorka do spraw kontroli <\/a><br \/>\n<a href=\"http:\/\/ihgd.pl\/wordpress\/wp-content\/uploads\/praca\/wynik_naboru-27.02.2026.pdf\" target=\"_blank\" rel=\"noopener\">Wynik naboru<\/a><\/div>\n<div>\n<hr>\n<\/div>\n<div>&nbsp;<\/div>\n<\/div>\n<div><em><strong>05.11.2025 r.<br \/>\n<\/strong><\/em><a href=\"https:\/\/bip.ihgd.pl\/artykul\/128\/217\/referent-prawny-do-spraw-prawnych-i-szkolen-wewnetrznych\" target=\"_blank\" rel=\"noopener\">referent prawny do spraw prawnych i szkole\u0144 wewn\u0119trznych<\/a><br \/>\n<a href=\"http:\/\/ihgd.pl\/wordpress\/wp-content\/uploads\/praca\/wynik_naboru-18.12.2025.pdf\" target=\"_blank\" rel=\"noopener\">Wynik naboru<\/a><\/div>\n<div>\n<hr>\n<\/div>\n<div>&nbsp;<\/div>\n<\/div>\n<div><em><strong>25.07.2025 r.<br \/>\n<\/strong><\/em><a href=\"https:\/\/bip.ihgd.pl\/artykul\/128\/215\/specjalista-do-spraw-prawnych-i-szkolen-wewnetrznych\" target=\"_blank\" rel=\"noopener\">specjalista do spraw prawnych i szkole\u0144 wewn\u0119trznych<\/a><br \/>\n<a href=\"http:\/\/ihgd.pl\/wordpress\/wp-content\/uploads\/praca\/wynik_naboru-154311.pdf\" target=\"_blank\" rel=\"noopener\">Wynik naboru<\/a><\/div>\n<div>\n<hr>\n<\/div>\n<div>&nbsp;<\/div>\n<div>\n<div>\n<div>\n<div><em><strong>20.06.2025 r.<br \/>\n<\/strong><\/em><a href=\"https:\/\/bip.ihgd.pl\/artykul\/128\/214\/referent-prawny-ds-prawnych-i-kontroli-wewnetrznej\" target=\"_blank\" rel=\"noopener\">referent prawny do spraw prawnych i kontroli wewn\u0119trznej<\/a><br \/>\n<a href=\"http:\/\/ihgd.pl\/wordpress\/wp-content\/uploads\/2025\/07\/wynik_naboru_referet_prawny_30.07.2025.pdf\" target=\"_blank\" rel=\"noopener\">Wynik naboru<\/a><\/div>\n<div>\n<hr>\n<\/div>\n<\/div>\n<\/div>\n<div>&nbsp;<\/div>\n<div>\n<div><em><strong>07.02.2025 r.<br \/>\n<\/strong><\/em><a href=\"https:\/\/bip.ihgd.pl\/artykul\/128\/211\/inspektor-ds-kontroli-i-obslugi-administracyjnej-w-wydziale-kontroli-handlu-i-uslug\" target=\"_blank\" rel=\"noopener\">Inspektor ds. kontroli i obs\u0142ugi administracyjnej w Wydziale Kontroli Handlu i Us\u0142ug<\/a><br \/>\n<a href=\"http:\/\/ihgd.pl\/wordpress\/wp-content\/uploads\/2025\/03\/wynik_naboru_inspektor_25.03.2025.pdf\" target=\"_blank\" rel=\"noopener\">Wynik naboru<\/a><\/div>\n<\/div>\n<\/div>\n<div>\n<hr>\n<\/div>\n<div>\n<div>\n<div><em><strong><span style=\"color: #800000;\">28.10.2024 r.<\/span><br \/>\n<\/strong><\/em><a href=\"https:\/\/bip.ihgd.pl\/artykul\/128\/196\/informacja-o-naborze-na-wolne-stanowiska-pracy-inspektor-ds-kontroli-w-wydziale-nadzoru-rynku-i-kontroli-paliw\" target=\"_blank\" rel=\"noopener\">Inspektor ds. kontroli w Wydziale Nadzoru Rynku i Kontroli Paliw<\/a><br \/>\n<a href=\"http:\/\/ihgd.pl\/wordpress\/wp-content\/uploads\/2024\/12\/wynik_naboru_144238-inspektor_ds_kontroli_NR.pdf\" target=\"_blank\" rel=\"noopener\">Wynik naboru<\/a><\/div>\n<div>\n<hr>\n<\/div>\n<\/div>\n<\/div>\n<div>&nbsp;<\/div>\n<div>\n<div><em><strong><span style=\"color: #800000;\">10.10.2024 r.<\/span><br \/>\n<\/strong><\/em><a href=\"https:\/\/bip.ihgd.pl\/artykul\/128\/195\/informacja-o-naborze-na-wolne-stanowiska-pracy-inspektor-ds-kontroli-w-wydziale-kontroli-handlu-i-uslug\" target=\"_blank\" rel=\"noopener\">Inspektor ds. kontroli w Wydziale Kontroli Handlu i Us\u0142ug<\/a><br \/>\n<a href=\"http:\/\/ihgd.pl\/wordpress\/wp-content\/uploads\/2024\/11\/wynik_naboru_143654-inspektor_ds_kontroli_KHU.pdf\" target=\"_blank\" rel=\"noopener\">Wynik naboru<\/a><\/div>\n<div>\n<hr>\n<\/div>\n<\/div>\n<div>&nbsp;<\/div>\n<div><em><strong><span style=\"color: #800000;\">03.10.2024 r.<\/span><br \/>\n<\/strong><\/em><a href=\"https:\/\/bip.ihgd.pl\/artykul\/128\/194\/inspektor-ds-kontroli-w-delegaturze-w-slupsku\" target=\"_blank\" rel=\"noopener\">Inspektor ds. kontroli w Delegaturze w S\u0142upsku<\/a><br \/>\n<a href=\"http:\/\/ihgd.pl\/wordpress\/wp-content\/uploads\/2024\/11\/wynik_naboru_143342-inspektor_ds_kontroli_DS.pdf\" target=\"_blank\" rel=\"noopener\">Wynik naboru<\/a><\/div>\n<div style=\"text-align: justify;\">\n<hr>\n<\/div>\n<div style=\"text-align: justify;\"><em><strong><span style=\"color: #800000;\"><br \/>\n15.04.2024 r.<\/span><br \/>\n<\/strong><\/em><a href=\"https:\/\/bip.ihgd.pl\/artykul\/128\/190\/inspektor-ds-kontroli-w-wydziale-kontroli-handlu-i-uslug\" target=\"_blank\" rel=\"noopener\">Inspektor ds. kontroli w Wydziale Kontroli Handlu i Us\u0142ug<\/a><br \/>\n<a href=\"http:\/\/ihgd.pl\/wordpress\/wp-content\/uploads\/2024\/06\/wynik_naboru-inspektor_ds_kontroli.pdf\" target=\"_blank\" rel=\"noopener\">Wynik naboru<\/a><\/div>\n<div style=\"text-align: justify;\">\n<hr>\n<\/div>\n<div style=\"text-align: justify;\"><span style=\"color: #800000;\"><em><strong><br \/>\n26.03.2024 r.<br \/>\n<\/strong><\/em><\/span><a href=\"https:\/\/bip.ihgd.pl\/artykul\/128\/189\/starszy-specjalista-ds-ksiegowosci-w-wydziale-budzetowo-administracyjnym\" target=\"_blank\" rel=\"noopener\">starszy specjalista ds. ksi\u0119gowo\u015bci w Wydziale Bud\u017cetowo-Administracyjnym<\/a><br \/>\n<a href=\"http:\/\/ihgd.pl\/wordpress\/wp-content\/uploads\/2024\/04\/wynik_naboru_st_specjalista_ds_ksiegowosci.pdf\" target=\"_blank\" rel=\"noopener\">Wynik naboru<\/a><\/div>\n<div style=\"text-align: justify;\">\n<hr>\n<\/div>\n<div style=\"text-align: justify;\">\n<div>\n<div><em><strong><span style=\"color: #800000;\"><br \/>\n20.02.2024 r.<\/span><br \/>\n<\/strong><\/em><a href=\"https:\/\/bip.ihgd.pl\/artykul\/128\/186\/glowny-ksiegowy-do-spraw-prowadzenia-spraw-finansowych-oraz-planowania-organizowania-i-nadzorowania-pracy-wydzialu\" target=\"_blank\" rel=\"noopener\">G\u0142\u00f3wny Ksi\u0119gowy do spraw: prowadzenia spraw finansowych oraz planowania, organizowania i nadzorowania pracy Wydzia\u0142u Bud\u017cetowo-Administracyjnego<\/a><\/div>\n<div><a href=\"http:\/\/ihgd.pl\/wordpress\/wp-content\/uploads\/wynik_naboru-133977.pdf\" target=\"_blank\" rel=\"noopener\">Wynik naboru<\/a><\/div>\n<\/div>\n<div>\n<hr>\n<\/div>\n<div><em><strong><span style=\"color: #008000;\"><span style=\"color: #800000;\"><br \/>\n26.01.2024 r.<\/span><br \/>\n<\/span><\/strong><\/em><a href=\"https:\/\/bip.ihgd.pl\/artykul\/128\/184\/glowny-ksiegowy-do-spraw-prowadzenia-spraw-finansowych-oraz-planowania-organizowania-i-nadzorowania-pracy-wydzialu\" target=\"_blank\" rel=\"noopener\">G\u0142\u00f3wny Ksi\u0119gowy do spraw: prowadzenia spraw finansowych oraz planowania, organizowania i nadzorowania pracy Wydzia\u0142u Bud\u017cetowo-Administracyjnego<\/a><\/div>\n<div><a href=\"https:\/\/bip.ihgd.pl\/artykul\/128\/184\/glowny-ksiegowy-do-spraw-prowadzenia-spraw-finansowych-oraz-planowania-organizowania-i-nadzorowania-pracy-wydzialu\" target=\"_blank\" rel=\"noopener\">Wynik naboru<\/a><\/div>\n<\/div>\n<div style=\"text-align: justify;\">\n<hr>\n<\/div>\n<div style=\"text-align: justify;\">\n<div><em><strong><span style=\"color: #008000;\"><span style=\"color: #800000;\"><br \/>\n12.01.2024 r.<\/span><br \/>\n<\/span><\/strong><\/em><a href=\"https:\/\/bip.ihgd.pl\/artykul\/128\/183\/sekretarz\" target=\"_blank\" rel=\"noopener\">Sekretarz<\/a><\/div>\n<div><a href=\"http:\/\/ihgd.pl\/wordpress\/wp-content\/uploads\/23_02_2024-nabor-sekretarz-anulowanie.pdf\" target=\"_blank\" rel=\"noopener\">Nab\u00f3r anulowany &#8211; informacja (23.02.2024)<\/a><\/div>\n<div>\n<div>\n<hr>\n<\/div>\n<\/div>\n<\/div>\n<div>\n<div>\n<div style=\"text-align: justify;\"><span style=\"color: #ff0000;\"><em><strong><span style=\"color: #800000;\"><br \/>\n08.01.2024 r.<\/span><br \/>\n<\/strong><\/em><\/span><\/div>\n<div>\n<div style=\"text-align: justify;\"><a href=\"https:\/\/bip.ihgd.pl\/artykul\/128\/182\/inspektor-ds-kontroli-w-wydziale-kontroli-handlu-i-uslug\" target=\"_blank\" rel=\"noopener\">Inspektor ds. kontroli w Wydziale Kontroli Handlu i Us\u0142ug<\/a><br \/>\n<a href=\"http:\/\/ihgd.pl\/wordpress\/wp-content\/uploads\/wyniki-132158.pdf\" target=\"_blank\" rel=\"noopener\">Wynik naboru<\/a><\/div>\n<\/div>\n<\/div>\n<\/div>\n","protected":false},"excerpt":{"rendered":"<div class=\"mh-excerpt\"><p>Podstawa prawna przeprowadzania nabor\u00f3w: art. 26 ust. 1 ustawy z dnia 21 listopada 2008 r. o s\u0142u\u017cbie cywilnej (t.j. Dz. U. z 2024 r., poz. 409). Nab\u00f3r kandydat\u00f3w do korpusu <a class=\"mh-excerpt-more\" href=\"https:\/\/ihgd.pl\/?page_id=30\" title=\"Og\u0142oszenia o naborze na wolne stanowiska pracy \/ wyniki przeprowadzonych nabor\u00f3w.\">(((&#8230;wi\u0119cej)))<\/a><\/p>\n<\/div>","protected":false},"author":1,"featured_media":0,"parent":13,"menu_order":0,"comment_status":"closed","ping_status":"closed","template":"","meta":{"ngg_post_thumbnail":0,"footnotes":""},"class_list":["post-30","page","type-page","status-publish","hentry"],"_links":{"self":[{"href":"https:\/\/ihgd.pl\/index.php?rest_route=\/wp\/v2\/pages\/30","targetHints":{"allow":["GET"]}}],"collection":[{"href":"https:\/\/ihgd.pl\/index.php?rest_route=\/wp\/v2\/pages"}],"about":[{"href":"https:\/\/ihgd.pl\/index.php?rest_route=\/wp\/v2\/types\/page"}],"author":[{"embeddable":true,"href":"https:\/\/ihgd.pl\/index.php?rest_route=\/wp\/v2\/users\/1"}],"replies":[{"embeddable":true,"href":"https:\/\/ihgd.pl\/index.php?rest_route=%2Fwp%2Fv2%2Fcomments&post=30"}],"version-history":[{"count":158,"href":"https:\/\/ihgd.pl\/index.php?rest_route=\/wp\/v2\/pages\/30\/revisions"}],"predecessor-version":[{"id":6119,"href":"https:\/\/ihgd.pl\/index.php?rest_route=\/wp\/v2\/pages\/30\/revisions\/6119"}],"up":[{"embeddable":true,"href":"https:\/\/ihgd.pl\/index.php?rest_route=\/wp\/v2\/pages\/13"}],"wp:attachment":[{"href":"https:\/\/ihgd.pl\/index.php?rest_route=%2Fwp%2Fv2%2Fmedia&parent=30"}],"curies":[{"name":"wp","href":"https:\/\/api.w.org\/{rel}","templated":true}]}}