{"id":23,"date":"2017-07-26T09:36:35","date_gmt":"2017-07-26T07:36:35","guid":{"rendered":"http:\/\/ihgd.home.pl\/wordpress\/?page_id=23"},"modified":"2026-03-04T12:13:30","modified_gmt":"2026-03-04T11:13:30","slug":"wydzialy","status":"publish","type":"page","link":"https:\/\/ihgd.pl\/?page_id=23","title":{"rendered":"Wydzia\u0142y"},"content":{"rendered":"<p><strong>Wydzia\u0142 Kontroli Handlu i Us\u0142ug<br \/>\n<span style=\"color: #333399;\">Naczelnik Wydzia\u0142u &#8211; Aleksandra Byczkowska<br \/>\n<\/span><\/strong><\/p>\n<p style=\"text-align: justify;\">Wydzia\u0142 w szczeg\u00f3lno\u015bci zajmuje si\u0119 przeprowadzaniem kontroli w zakresie prawid\u0142owo\u015bci funkcjonowania rynku artyku\u0142\u00f3w nie\u017cywno\u015bciowych oraz handlu i us\u0142ug.<\/p>\n<p><a href=\"http:\/\/ihgd.pl\/wordpress\/wp-content\/uploads\/zalacznik_do_zarzadzenia_pwiih-po.110.13.2024-regulamin_organizacyjny_wiih_w_gdansku-zatw._03.09.2024.pdf\" target=\"_blank\" rel=\"noopener noreferrer\">wi\u0119cej w regulaminie organizacyjnym WIIH w Gda\u0144sku<\/a><\/p>\n<hr>\n<p><strong>Wydzia\u0142 Nadzoru Rynku i Kontroli Paliw<br \/>\n<\/strong><strong><span style=\"color: #333399;\">Naczelnik Wydzia\u0142u &#8211; Grzegorz Odziomek<br \/>\n<\/span><\/strong><\/p>\n<p style=\"text-align: justify;\">Wydzia\u0142 w szczeg\u00f3lno\u015bci przeprowadza czynno\u015bci kontrolne w zakresie systemu oceny zgodno\u015bci, bezpiecze\u0144stwa produkt\u00f3w, jako\u015bci paliw, gazu, biopaliw i biokomponent\u00f3w oraz jako\u015bci artyku\u0142\u00f3w nie\u017cywno\u015bciowych. Prowadzi \u201cpunkt informacyjny\u201d w ramach sieci powiadamiania o niebezpiecznych produktach nie\u017cywno\u015bciowych.<\/p>\n<p><a href=\"http:\/\/ihgd.pl\/wordpress\/wp-content\/uploads\/zalacznik_do_zarzadzenia_pwiih-po.110.13.2024-regulamin_organizacyjny_wiih_w_gdansku-zatw._03.09.2024.pdf\" target=\"_blank\" rel=\"noopener noreferrer\">wi\u0119cej w regulaminie organizacyjnym WIIH w Gda\u0144sku<\/a><\/p>\n<hr>\n<p><strong>Wydzia\u0142 ds. Pozas\u0105dowego Rozwi\u0105zywania Spor\u00f3w Konsumenckich<br \/>\n<span style=\"color: #333399;\">Naczelnik Wydzia\u0142u &#8211; Monika Pawlik<\/span><\/strong><\/p>\n<p style=\"text-align: justify;\">Wydzia\u0142 w szczeg\u00f3lno\u015bci zajmuje si\u0119 przyjmowaniem interesant\u00f3w w sprawach wniosk\u00f3w i informacji, udzielaniem porad oraz przeprowadzaniem mediacji w sprawach pozas\u0105dowego rozwi\u0105zywania spor\u00f3w konsumenckich.<\/p>\n<p><a href=\"http:\/\/ihgd.pl\/wordpress\/wp-content\/uploads\/zalacznik_do_zarzadzenia_pwiih-po.110.13.2024-regulamin_organizacyjny_wiih_w_gdansku-zatw._03.09.2024.pdf\" target=\"_blank\" rel=\"noopener noreferrer\">wi\u0119cej w regulaminie organizacyjnym WIIH w Gda\u0144sku<\/a><\/p>\n<hr>\n<p><strong>Wydzia\u0142 Prawno-Organizacyjny<br \/>\n<span style=\"color: #333399;\">pracownik koordynuj\u0105cy prac\u0119 Wydzia\u0142u &#8211; Monika Pawlik<\/span><\/strong><\/p>\n<hr>\n<p><strong>Wydzia\u0142 Bud\u017cetowo-Administracyjny<br \/>\n<span style=\"color: #333399;\">Naczelnik Wydzia\u0142u &#8211; Dorota Wojciechowska-Ghaemi<\/span><br \/>\n<\/strong><\/p>\n<hr>\n<p><strong>Samodzielne stanowisko pracy ds. pracowniczych<\/strong><br \/>\n<span style=\"color: #333399;\"><strong>Magdalena Krauze<\/strong><\/span><\/p>\n<hr>\n<p><strong>Pe\u0142nomocnik ds. informacji niejawnych<br \/>\n<span style=\"color: #333399;\">Tomasz Klimas<\/span><br \/>\n<\/strong><\/p>\n<hr>\n<p><strong>Inspektor Ochrony Danych<\/strong><br \/>\n<span style=\"color: #333399;\"><strong>Przemys\u0142aw Hanke<\/strong><\/span><\/p>\n","protected":false},"excerpt":{"rendered":"<div class=\"mh-excerpt\"><p>Wydzia\u0142 Kontroli Handlu i Us\u0142ug Naczelnik Wydzia\u0142u &#8211; Aleksandra Byczkowska Wydzia\u0142 w szczeg\u00f3lno\u015bci zajmuje si\u0119 przeprowadzaniem kontroli w zakresie prawid\u0142owo\u015bci funkcjonowania rynku artyku\u0142\u00f3w nie\u017cywno\u015bciowych oraz handlu i us\u0142ug. wi\u0119cej w <a class=\"mh-excerpt-more\" href=\"https:\/\/ihgd.pl\/?page_id=23\" title=\"Wydzia\u0142y\">(((&#8230;wi\u0119cej)))<\/a><\/p>\n<\/div>","protected":false},"author":1,"featured_media":0,"parent":13,"menu_order":0,"comment_status":"closed","ping_status":"closed","template":"","meta":{"ngg_post_thumbnail":0,"footnotes":""},"class_list":["post-23","page","type-page","status-publish","hentry"],"_links":{"self":[{"href":"https:\/\/ihgd.pl\/index.php?rest_route=\/wp\/v2\/pages\/23","targetHints":{"allow":["GET"]}}],"collection":[{"href":"https:\/\/ihgd.pl\/index.php?rest_route=\/wp\/v2\/pages"}],"about":[{"href":"https:\/\/ihgd.pl\/index.php?rest_route=\/wp\/v2\/types\/page"}],"author":[{"embeddable":true,"href":"https:\/\/ihgd.pl\/index.php?rest_route=\/wp\/v2\/users\/1"}],"replies":[{"embeddable":true,"href":"https:\/\/ihgd.pl\/index.php?rest_route=%2Fwp%2Fv2%2Fcomments&post=23"}],"version-history":[{"count":14,"href":"https:\/\/ihgd.pl\/index.php?rest_route=\/wp\/v2\/pages\/23\/revisions"}],"predecessor-version":[{"id":6168,"href":"https:\/\/ihgd.pl\/index.php?rest_route=\/wp\/v2\/pages\/23\/revisions\/6168"}],"up":[{"embeddable":true,"href":"https:\/\/ihgd.pl\/index.php?rest_route=\/wp\/v2\/pages\/13"}],"wp:attachment":[{"href":"https:\/\/ihgd.pl\/index.php?rest_route=%2Fwp%2Fv2%2Fmedia&parent=23"}],"curies":[{"name":"wp","href":"https:\/\/api.w.org\/{rel}","templated":true}]}}