{"id":166,"date":"2017-11-06T10:31:04","date_gmt":"2017-11-06T09:31:04","guid":{"rendered":"http:\/\/ihgd.home.pl\/wordpress\/?page_id=166"},"modified":"2025-01-08T11:53:39","modified_gmt":"2025-01-08T10:53:39","slug":"wniosek-o-wszczecie-postepowania-w-sprawie-pozasadowego-rozwiazywania-sporu-konsumenckiego","status":"publish","type":"page","link":"https:\/\/ihgd.pl\/?page_id=166","title":{"rendered":"Wniosek o wszcz\u0119cie post\u0119powania w sprawie pozas\u0105dowego rozwi\u0105zywania sporu konsumenckiego"},"content":{"rendered":"<p><strong><em><span style=\"color: #333399;\">Wniosek do pobrania dla konsument\u00f3w z obszaru dzia\u0142ania Inspekcji Handlowej w Gda\u0144sku<\/span><br \/>\n<\/em><\/strong><\/p>\n<p>W formacie Microsoft WORD:&nbsp;&nbsp; <a href=\"http:\/\/ihgd.pl\/wordpress\/wp-content\/uploads\/2025\/01\/WIIH_GDANSK-wniosek_ADR-2025.doc\" target=\"_blank\" rel=\"noopener\">Wniosek (doc)<br \/>\n<\/a>W formacie Adobe PDF:&nbsp;&nbsp; <a href=\"http:\/\/ihgd.pl\/wordpress\/wp-content\/uploads\/2025\/01\/WIIH_GDANSK-wniosek_ADR-2025.pdf\" target=\"_blank\" rel=\"noopener\">Wniosek (pdf)<\/a><\/p>\n<p><span style=\"color: #333399;\"><strong><em>Wniosek do pobrania dla konsument\u00f3w z obszaru dzia\u0142ania Delegatury w S\u0142upsku<\/em><\/strong><\/span><\/p>\n<p>W formacie Microsoft WORD:&nbsp;&nbsp; <a href=\"http:\/\/ihgd.pl\/wordpress\/wp-content\/uploads\/2025\/01\/WIIH_GDANSK-wniosek_ADR_Slupsk-2025.doc\" target=\"_blank\" rel=\"noopener\">Wniosek (doc)<br \/>\n<\/a>W formacie Adobe PDF:&nbsp;&nbsp; <a href=\"http:\/\/ihgd.pl\/wordpress\/wp-content\/uploads\/2025\/01\/WIIH_GDANSK-wniosek_ADR_Slupsk-2025.pdf\" target=\"_blank\" rel=\"noopener\">Wniosek (pdf)<\/a><\/p>\n<p>&nbsp;<\/p>\n","protected":false},"excerpt":{"rendered":"<div class=\"mh-excerpt\"><p>Wniosek do pobrania dla konsument\u00f3w z obszaru dzia\u0142ania Inspekcji Handlowej w Gda\u0144sku W formacie Microsoft WORD:&nbsp;&nbsp; Wniosek (doc) W formacie Adobe PDF:&nbsp;&nbsp; Wniosek (pdf) Wniosek do pobrania dla konsument\u00f3w z <a class=\"mh-excerpt-more\" href=\"https:\/\/ihgd.pl\/?page_id=166\" title=\"Wniosek o wszcz\u0119cie post\u0119powania w sprawie pozas\u0105dowego rozwi\u0105zywania sporu konsumenckiego\">(((&#8230;wi\u0119cej)))<\/a><\/p>\n<\/div>","protected":false},"author":1,"featured_media":0,"parent":38,"menu_order":0,"comment_status":"closed","ping_status":"closed","template":"","meta":{"ngg_post_thumbnail":0,"footnotes":""},"class_list":["post-166","page","type-page","status-publish","hentry"],"_links":{"self":[{"href":"https:\/\/ihgd.pl\/index.php?rest_route=\/wp\/v2\/pages\/166","targetHints":{"allow":["GET"]}}],"collection":[{"href":"https:\/\/ihgd.pl\/index.php?rest_route=\/wp\/v2\/pages"}],"about":[{"href":"https:\/\/ihgd.pl\/index.php?rest_route=\/wp\/v2\/types\/page"}],"author":[{"embeddable":true,"href":"https:\/\/ihgd.pl\/index.php?rest_route=\/wp\/v2\/users\/1"}],"replies":[{"embeddable":true,"href":"https:\/\/ihgd.pl\/index.php?rest_route=%2Fwp%2Fv2%2Fcomments&post=166"}],"version-history":[{"count":12,"href":"https:\/\/ihgd.pl\/index.php?rest_route=\/wp\/v2\/pages\/166\/revisions"}],"predecessor-version":[{"id":5317,"href":"https:\/\/ihgd.pl\/index.php?rest_route=\/wp\/v2\/pages\/166\/revisions\/5317"}],"up":[{"embeddable":true,"href":"https:\/\/ihgd.pl\/index.php?rest_route=\/wp\/v2\/pages\/38"}],"wp:attachment":[{"href":"https:\/\/ihgd.pl\/index.php?rest_route=%2Fwp%2Fv2%2Fmedia&parent=166"}],"curies":[{"name":"wp","href":"https:\/\/api.w.org\/{rel}","templated":true}]}}