{"id":15,"date":"2017-07-26T09:35:09","date_gmt":"2017-07-26T07:35:09","guid":{"rendered":"http:\/\/ihgd.home.pl\/wordpress\/?page_id=15"},"modified":"2025-06-27T10:29:40","modified_gmt":"2025-06-27T08:29:40","slug":"zasady-i-godziny-przyjmowania-interesantow","status":"publish","type":"page","link":"https:\/\/ihgd.pl\/?page_id=15","title":{"rendered":"Zasady i godziny przyjmowania interesant\u00f3w"},"content":{"rendered":"<div style=\"text-align: justify;\">\n<p><span style=\"color: #000000;\"><span style=\"color: #ff0000;\"><strong>Przyj\u0119cia interesant\u00f3w<\/strong> <\/span>odbywaj\u0105 si\u0119 codziennie w godzinach pracy <\/span><span style=\"color: #ba372a;\">Inspektoratu w Gda\u0144sku przy ul. Marii Konopnickiej 4<\/span> \u2013 w dni powszednie tygodnia od godziny 7<sup>15<\/sup> do godziny 15<sup>15&nbsp;<\/sup>oraz&nbsp;<span style=\"color: #ba372a;\">Delegatury w S\u0142upsku przy ul. Jana Paw\u0142a II 1<\/span> &#8211; w dni powszednie tygodnia \u2013 od godziny 7<sup>30<\/sup> do godziny do 15<sup>30<\/sup>.<\/p>\n<\/div>\n<div style=\"text-align: justify;\">\n<p><span style=\"color: #ba372a;\">Pomorski Wojew\u00f3dzki Inspektor Inspekcji Handlowej lub jego Zast\u0119pca <\/span>przyjmuj\u0105 interesant\u00f3w w sprawach skarg i wniosk\u00f3w w ka\u017cdy poniedzia\u0142ek w godzinach od 15<sup>00<\/sup> do 17<sup>00<\/sup> w siedzibie Inspektoratu w Gda\u0144sku przy ul. Marii Konopnickiej 4.<\/p>\n<p><span style=\"color: #ba372a;\">Sekretariat Sta\u0142ego S\u0105du Polubownego w Gda\u0144sku<\/span> przyjmuje interesant\u00f3w w sprawach wniosk\u00f3w dotycz\u0105cych rozpoznania sprawy przez S\u0105d w dni powszednie tygodnia w godzinach od 8<sup>00<\/sup> do 14<sup>00<\/sup> w siedzibie Inspektoratu w Gda\u0144sku przy ul. Marii Konopnickiej 4.<\/p>\n<p><span style=\"color: #ba372a;\">Naczelnicy wydzia\u0142\u00f3w kontrolnych, Naczelnik Wydzia\u0142u ds. Pozas\u0105dowego Rozwi\u0105zywania Spor\u00f3w Konsumenckich<\/span>, a tak\u017ce <span style=\"color: #ba372a;\">pracownicy tych wydzia\u0142\u00f3w<\/span>, przyjmuj\u0105 interesant\u00f3w we wszystkich sprawach z zakresu dzia\u0142ania danego wydzia\u0142u, w dni powszednie tygodnia w godzinach od 7<sup>15<\/sup> do 15<sup><span style=\"color: #000000;\">15<\/span><\/sup> w siedzibie Inspektoratu w Gda\u0144sku przy ul. Marii Konopnickiej 4.<\/p>\n<p><span style=\"color: #ba372a;\">Przyj\u0119cia interesant\u00f3w przez pracownik\u00f3w Wydzia\u0142u ds. Pozas\u0105dowego Rozwi\u0105zywania Spor\u00f3w Konsumenckich<\/span> w siedzibie Inspektoratu w Gda\u0144sku przy ul. Marii Konopnickiej 4 odbywaj\u0105 si\u0119 tak\u017ce w ka\u017cdy poniedzia\u0142ek w godzinach od 15<sup>15<\/sup> do 18<sup>00<\/sup>, a <span style=\"color: #ba372a;\">jednoosobowe stanowisko pracy ds. pozas\u0105dowego rozwi\u0105zywania spor\u00f3w konsumenckich w Delegaturze w S\u0142upsku<\/span> przyjmuje r\u00f3wnie\u017c w ka\u017cdy poniedzia\u0142ek od godziny 15<sup>30<\/sup> do godz. 18<sup>00<\/sup> w siedzibie Delegatury w S\u0142upsku przy ul. Jana Paw\u0142a II 1.<\/p>\n<p><span style=\"color: #ba372a;\">Dyrektor Delegatury w S\u0142upsku<\/span> przyjmuje interesant\u00f3w w sprawach skarg i wniosk\u00f3w w ka\u017cdy poniedzia\u0142ek w godzinach od 15<sup>00<\/sup> do 17<sup>00<\/sup>, <span style=\"color: #ba372a;\">a pracownicy Delegatury<\/span>, przyjmuj\u0105 interesant\u00f3w we wszystkich sprawach, w tym skarg i wniosk\u00f3w z zakresu swego dzia\u0142ania, w dni powszednie tygodnia w godzinach od 7<sup>30<\/sup> do 15<sup>30<\/sup> w siedzibie Delegatury w S\u0142upsku przy ul. Jana Paw\u0142a II 1.<\/p>\n<\/div>\n","protected":false},"excerpt":{"rendered":"<div class=\"mh-excerpt\"><p>Przyj\u0119cia interesant\u00f3w odbywaj\u0105 si\u0119 codziennie w godzinach pracy Inspektoratu w Gda\u0144sku przy ul. Marii Konopnickiej 4 \u2013 w dni powszednie tygodnia od godziny 715 do godziny 1515&nbsp;oraz&nbsp;Delegatury w S\u0142upsku przy <a class=\"mh-excerpt-more\" href=\"https:\/\/ihgd.pl\/?page_id=15\" title=\"Zasady i godziny przyjmowania interesant\u00f3w\">(((&#8230;wi\u0119cej)))<\/a><\/p>\n<\/div>","protected":false},"author":1,"featured_media":0,"parent":13,"menu_order":0,"comment_status":"closed","ping_status":"closed","template":"","meta":{"ngg_post_thumbnail":0,"footnotes":""},"class_list":["post-15","page","type-page","status-publish","hentry"],"_links":{"self":[{"href":"https:\/\/ihgd.pl\/index.php?rest_route=\/wp\/v2\/pages\/15","targetHints":{"allow":["GET"]}}],"collection":[{"href":"https:\/\/ihgd.pl\/index.php?rest_route=\/wp\/v2\/pages"}],"about":[{"href":"https:\/\/ihgd.pl\/index.php?rest_route=\/wp\/v2\/types\/page"}],"author":[{"embeddable":true,"href":"https:\/\/ihgd.pl\/index.php?rest_route=\/wp\/v2\/users\/1"}],"replies":[{"embeddable":true,"href":"https:\/\/ihgd.pl\/index.php?rest_route=%2Fwp%2Fv2%2Fcomments&post=15"}],"version-history":[{"count":11,"href":"https:\/\/ihgd.pl\/index.php?rest_route=\/wp\/v2\/pages\/15\/revisions"}],"predecessor-version":[{"id":5649,"href":"https:\/\/ihgd.pl\/index.php?rest_route=\/wp\/v2\/pages\/15\/revisions\/5649"}],"up":[{"embeddable":true,"href":"https:\/\/ihgd.pl\/index.php?rest_route=\/wp\/v2\/pages\/13"}],"wp:attachment":[{"href":"https:\/\/ihgd.pl\/index.php?rest_route=%2Fwp%2Fv2%2Fmedia&parent=15"}],"curies":[{"name":"wp","href":"https:\/\/api.w.org\/{rel}","templated":true}]}}